{"id":1042,"date":"2013-12-03T18:22:51","date_gmt":"2013-12-03T16:22:51","guid":{"rendered":"http:\/\/wp11273961.server-he.de\/?page_id=4"},"modified":"2026-01-19T12:30:28","modified_gmt":"2026-01-19T11:30:28","slug":"home","status":"publish","type":"page","link":"https:\/\/clauskostka.de\/fr\/","title":{"rendered":"Home"},"content":{"rendered":"<p><\/p>\n<div class=\"ten columns\">\n<p><span class=\"red\">Bienvenue sur mon site web.<\/span><\/p>\n<p>Je m\u2019appelle Claus Kostka. Depuis 37 ans j\u2019accompagne des personnes dans leur cheminement, afin qu\u2019elles puissent \u00eatre celles qu\u2019elles sont \u00e0 l\u2019origine. Qu\u2019est-ce que cela signifie? Je suis profond\u00e9ment convaincu que chacun\/chacune de nous a une \u2018mission\u2019 unique au monde. Dans chaque \u00eatre humain r\u00e9side tout ce dont il a besoin pour entendre l\u2019appel de son \u00e2me, faire confiance \u00e0 cet appel et le suivre. Parfois, ce que nous avons v\u00e9cu dans notre vie ne nous soutient pas mais fait plut\u00f4t obstacle \u00e0 cet appel. \u00ab Deep Soulbreathing \u00bb (la respiration profonde de l\u2019\u00e2me) &#8211; technique que j\u2019ai d\u00e9velopp\u00e9e au cours des 30 derni\u00e8res ann\u00e9es &#8211; et \u00ab So(u)lutions \u00bb &#8211; la pratique des constellations syst\u00e9miques &#8211; sont d\u2019excellents outils pour reconna\u00eetre des vieux sch\u00e9mas et les quitter. Je vous invite \u00e0 prendre un peu de temps pour voir si ce que je vous propose pourrait vous aider dans votre situation de vie actuelle.<br \/>\nCordialement<br \/>\n<img loading=\"lazy\" decoding=\"async\" class=\"signature alignleft size-full wp-image-311\" src=\"https:\/\/clauskostka.de\/files\/2013\/12\/unterschrift_claus.png\" alt=\"\" width=\"93\" height=\"70\" \/> Claus Kostka<\/p>\n<\/div>\n<div class=\"six columns\">\n<div class=\"elastic-video\">\n<!-- iframe plugin v.4.9 wordpress.org\/plugins\/iframe\/ -->\n<iframe loading=\"lazy\" width=\"560\" height=\"315\" src=\"https:\/\/www.youtube.com\/embed\/TFkW-w3_NhA\" title=\"Claus Kostka\" frameborder=\"0\" 0=\"allowfullscreen\" scrolling=\"yes\" class=\"iframe-class\"><\/iframe>\n<\/div>\n<div class=\"six columns\"><img decoding=\"async\" style=\"width: 300px\" src=\"https:\/\/clauskostka.de\/files\/2026\/01\/DGfS_Lehrender_RGB-scaled.jpg\" \/><\/div>\n<div class=\"six columns\"><img decoding=\"async\" style=\"width: 300px\" src=\"\" \/><\/div>\n<\/div>\n<p><\/p>","protected":false},"excerpt":{"rendered":"<p>Bienvenue sur mon site web. Je m\u2019appelle Claus Kostka. Depuis 37 ans j\u2019accompagne des personnes dans leur cheminement, afin qu\u2019elles puissent \u00eatre celles qu\u2019elles sont \u00e0 l\u2019origine. Qu\u2019est-ce que cela signifie? Je suis profond\u00e9ment convaincu que chacun\/chacune de nous a une \u2018mission\u2019 unique au monde. Dans chaque \u00eatre humain r\u00e9side tout ce dont il a [&hellip;]<\/p>\n","protected":false},"author":48,"featured_media":0,"parent":0,"menu_order":1,"comment_status":"open","ping_status":"open","template":"","meta":{"footnotes":""},"class_list":["post-1042","page","type-page","status-publish","hentry"],"_links":{"self":[{"href":"https:\/\/clauskostka.de\/fr\/wp-json\/wp\/v2\/pages\/1042","targetHints":{"allow":["GET"]}}],"collection":[{"href":"https:\/\/clauskostka.de\/fr\/wp-json\/wp\/v2\/pages"}],"about":[{"href":"https:\/\/clauskostka.de\/fr\/wp-json\/wp\/v2\/types\/page"}],"author":[{"embeddable":true,"href":"https:\/\/clauskostka.de\/fr\/wp-json\/wp\/v2\/users\/48"}],"replies":[{"embeddable":true,"href":"https:\/\/clauskostka.de\/fr\/wp-json\/wp\/v2\/comments?post=1042"}],"version-history":[{"count":90,"href":"https:\/\/clauskostka.de\/fr\/wp-json\/wp\/v2\/pages\/1042\/revisions"}],"predecessor-version":[{"id":1969,"href":"https:\/\/clauskostka.de\/fr\/wp-json\/wp\/v2\/pages\/1042\/revisions\/1969"}],"wp:attachment":[{"href":"https:\/\/clauskostka.de\/fr\/wp-json\/wp\/v2\/media?parent=1042"}],"curies":[{"name":"wp","href":"https:\/\/api.w.org\/{rel}","templated":true}]}}