{"id":1044,"date":"2013-12-03T18:23:22","date_gmt":"2013-12-03T16:23:22","guid":{"rendered":"http:\/\/wp11273961.server-he.de\/?page_id=8"},"modified":"2015-07-17T10:04:44","modified_gmt":"2015-07-17T08:04:44","slug":"meine-intention","status":"publish","type":"page","link":"https:\/\/clauskostka.de\/fr\/hintergrund\/meine-intention","title":{"rendered":"Mon intention"},"content":{"rendered":"<p><\/p>\n<div class=\"ten columns\">\n<p>Chaque \u00eatre humain est unique, parfait, entier.<\/p>\n<p>Il n\u2019y a rien que nous devrions obtenir puisque tout ce que nous cherchons, voudrions ou d\u00e9sirerions existe d\u00e9j\u00e0 \u2013 sans exception \u2013 dans chacun de nous.<br \/>\nAu cours de son histoire, chaque \u00eatre se cr\u00e9e une identit\u00e9 , travaill\u00e9e avec art et conformiste, guid\u00e9e par le besoin de pouvoir s\u2019arranger le mieux possible avec les circonstances et le d\u00e9sir d\u2019\u00eatre aim\u00e9. Le prix est la perte de notre naturel et de notre imm\u00e9diat\u00e9. La contrainte et l\u2019effort qui en r\u00e9sultent sont alors ce que nous prenons pour la vie. Pour mieux supporter ces \u00e9tats, nous en rendons d\u2019autres responsables ce qui nous permet de nous voir comme d\u2019innocentes victimes.<br \/>\nEn final, cela signifie d\u2019\u00eatre impuissant et de ne plus avoir la possibilit\u00e9 de vivre sa vie activement.<br \/>\nC\u2019est \u00e0 ce point pr\u00e9cis que commence mon travail avec vous: je  voudrais vous faire d\u00e9couvrir qui vous \u00eates dans votre nature profonde et quelles sont vos possibilit\u00e9s pour \u00ab\u00a0rentrer chez vous \u00bb. Le cheminement th\u00e9rapeutique vous aide \u00e0 prendre conscience de ce qui est faux et artificiel. En m\u00eame temps s\u2019accro\u00eetra votre force pour pouvoir vous r\u00e9orienter et pour prendre de nouvelles d\u00e9cisions afin de vivre votre vie activement, de votre plein gr\u00e9 et pleine d\u2019amour.<br \/>\nJe me sers de diff\u00e9rents \u00e9l\u00e9ments de th\u00e9rapies et de m\u00e9thodes, venant entre autre de la th\u00e9rapie corporelle, de la th\u00e9rapie par le souffle, de la constellation familiale syst\u00e9mique, du travail Cathexis et que je choisis en fonction de votre situation personnelle. Mes offres en travail de groupe et mes stages permettent de rencontrer d\u2019autres personnes engag\u00e9es dans les m\u00eames processus ce qui est un autre gage d\u2019enrichissement personnel.<br \/>\nJe trouve plaisir \u00e0 pouvoir accompagner des personnes qui sont sur le chemin de se retrouver et qui commencent \u00e0 rayonner, de l\u2019int\u00e9rieur comme \u00e0 l\u2019ext\u00e9rieur.<\/p>\n<\/div>\n<div class=\"six columns\">\n<p><img loading=\"lazy\" decoding=\"async\" src=\"http:\/\/planetcyborg.de\/blogs\/clauko\/files\/2013\/12\/Fotolia_3019945_S.png\" alt=\"\" width=\"460\" height=\"306\" class=\"aligncenter size-full wp-image-333\" srcset=\"https:\/\/clauskostka.de\/files\/2013\/12\/Fotolia_3019945_S.png 460w, https:\/\/clauskostka.de\/files\/2013\/12\/Fotolia_3019945_S-300x200.png 300w\" sizes=\"auto, (max-width: 460px) 100vw, 460px\" \/><\/p>\n<p><img loading=\"lazy\" decoding=\"async\" src=\"http:\/\/planetcyborg.de\/blogs\/clauko\/files\/2013\/12\/Fotolia_5064496_S.png\" alt=\"\" width=\"460\" height=\"499\" class=\"aligncenter size-full wp-image-336\" srcset=\"https:\/\/clauskostka.de\/files\/2013\/12\/Fotolia_5064496_S.png 460w, https:\/\/clauskostka.de\/files\/2013\/12\/Fotolia_5064496_S-277x300.png 277w\" sizes=\"auto, (max-width: 460px) 100vw, 460px\" \/><\/p>\n<\/div>\n<p><\/p>","protected":false},"excerpt":{"rendered":"<p>Chaque \u00eatre humain est unique, parfait, entier. Il n\u2019y a rien que nous devrions obtenir puisque tout ce que nous cherchons, voudrions ou d\u00e9sirerions existe d\u00e9j\u00e0 \u2013 sans exception \u2013 dans chacun de nous. Au cours de son histoire, chaque \u00eatre se cr\u00e9e une identit\u00e9 , travaill\u00e9e avec art et conformiste, guid\u00e9e par le besoin [&hellip;]<\/p>\n","protected":false},"author":48,"featured_media":0,"parent":1043,"menu_order":1,"comment_status":"open","ping_status":"open","template":"","meta":{"footnotes":""},"class_list":["post-1044","page","type-page","status-publish","hentry"],"_links":{"self":[{"href":"https:\/\/clauskostka.de\/fr\/wp-json\/wp\/v2\/pages\/1044","targetHints":{"allow":["GET"]}}],"collection":[{"href":"https:\/\/clauskostka.de\/fr\/wp-json\/wp\/v2\/pages"}],"about":[{"href":"https:\/\/clauskostka.de\/fr\/wp-json\/wp\/v2\/types\/page"}],"author":[{"embeddable":true,"href":"https:\/\/clauskostka.de\/fr\/wp-json\/wp\/v2\/users\/48"}],"replies":[{"embeddable":true,"href":"https:\/\/clauskostka.de\/fr\/wp-json\/wp\/v2\/comments?post=1044"}],"version-history":[{"count":3,"href":"https:\/\/clauskostka.de\/fr\/wp-json\/wp\/v2\/pages\/1044\/revisions"}],"predecessor-version":[{"id":1132,"href":"https:\/\/clauskostka.de\/fr\/wp-json\/wp\/v2\/pages\/1044\/revisions\/1132"}],"up":[{"embeddable":true,"href":"https:\/\/clauskostka.de\/fr\/wp-json\/wp\/v2\/pages\/1043"}],"wp:attachment":[{"href":"https:\/\/clauskostka.de\/fr\/wp-json\/wp\/v2\/media?parent=1044"}],"curies":[{"name":"wp","href":"https:\/\/api.w.org\/{rel}","templated":true}]}}