{"id":1045,"date":"2013-12-03T18:23:33","date_gmt":"2013-12-03T16:23:33","guid":{"rendered":"http:\/\/wp11273961.server-he.de\/?page_id=10"},"modified":"2023-07-11T19:50:21","modified_gmt":"2023-07-11T17:50:21","slug":"biographie","status":"publish","type":"page","link":"https:\/\/clauskostka.de\/fr\/hintergrund\/biographie","title":{"rendered":"Biographie"},"content":{"rendered":"<p><\/p>\n<div class=\"ten columns\">\n<p><strong><span class=\"green\">Claus Kostka<\/span><\/strong><\/p>\n<ul class=\"custom\">\n<li>N\u00e9 en 1955, mari\u00e9, 4 enfants<\/li>\n<li>Naturopathe (domaine\u00a0: psychoth\u00e9raphie)<\/li>\n<li>Th\u00e9rapeute d\u2019art (diplom\u00e9 de l\u2019\u00e9cole sup\u00e9rieure d&rsquo;Ottersberg)<\/li>\n<li>Certificat europ\u00e9en pour la psychoth\u00e9rapie (EAP\/DVP)<\/li>\n<li>Th\u00e9rapeute en th\u00e9rapie corporelle (DGK\/EABP)<\/li>\n<li>Familientherapeut (DGSF)<\/li>\n<li>Praticien reconnu de la constellation familiale<\/li>\n<li>Praticien reconnu en Roumanie pour la Psychoth\u00e9rapie et formateur (FRP et SRAT<\/li>\n<li>eiseignant certifi\u00e9 de l&rsquo;Association Allemande de Constellations Systemiques<\/li>\n<\/ul>\n<p><strong><span class=\"green\">Points forts:<\/span><\/strong><\/p>\n<ul class=\"custom\">\n<li>Deep soulbreathing\/ travail th\u00e9rapeutique par le souffle<\/li>\n<li>Psychoth\u00e9rapie par le corps<\/li>\n<li>So(u)lutions\/ Constellations syst\u00e9miques\/familiales<\/li>\n<li>Reparenting (Cathexis nach Schiff)<\/li>\n<li>Th\u00e9rapie par l\u2019art<\/li>\n<li>Entretiens pour les couples<\/li>\n<li>Supervision<\/li>\n<li>Conseils<\/li>\n<\/ul>\n<\/div>\n<div class=\"six columns\"><a href=\"https:\/\/clauskostka.de\/files\/2021\/12\/Claus-8-1.jpg\"><img loading=\"lazy\" decoding=\"async\" class=\"aligncenter wp-image-1724 size-full\" src=\"https:\/\/clauskostka.de\/files\/2021\/12\/Claus-8-1.jpg\" alt=\"\" width=\"460\" height=\"613\" srcset=\"https:\/\/clauskostka.de\/files\/2021\/12\/Claus-8-1.jpg 460w, https:\/\/clauskostka.de\/files\/2021\/12\/Claus-8-1-225x300.jpg 225w\" sizes=\"auto, (max-width: 460px) 100vw, 460px\" \/><\/a><\/div>\n<p><\/p>","protected":false},"excerpt":{"rendered":"<p>Claus Kostka N\u00e9 en 1955, mari\u00e9, 4 enfants Naturopathe (domaine\u00a0: psychoth\u00e9raphie) Th\u00e9rapeute d\u2019art (diplom\u00e9 de l\u2019\u00e9cole sup\u00e9rieure d&rsquo;Ottersberg) Certificat europ\u00e9en pour la psychoth\u00e9rapie (EAP\/DVP) Th\u00e9rapeute en th\u00e9rapie corporelle (DGK\/EABP) Familientherapeut (DGSF) Praticien reconnu de la constellation familiale Praticien reconnu en Roumanie pour la Psychoth\u00e9rapie et formateur (FRP et SRAT eiseignant certifi\u00e9 de l&rsquo;Association Allemande de [&hellip;]<\/p>\n","protected":false},"author":48,"featured_media":0,"parent":1043,"menu_order":2,"comment_status":"open","ping_status":"open","template":"","meta":{"footnotes":""},"class_list":["post-1045","page","type-page","status-publish","hentry"],"_links":{"self":[{"href":"https:\/\/clauskostka.de\/fr\/wp-json\/wp\/v2\/pages\/1045","targetHints":{"allow":["GET"]}}],"collection":[{"href":"https:\/\/clauskostka.de\/fr\/wp-json\/wp\/v2\/pages"}],"about":[{"href":"https:\/\/clauskostka.de\/fr\/wp-json\/wp\/v2\/types\/page"}],"author":[{"embeddable":true,"href":"https:\/\/clauskostka.de\/fr\/wp-json\/wp\/v2\/users\/48"}],"replies":[{"embeddable":true,"href":"https:\/\/clauskostka.de\/fr\/wp-json\/wp\/v2\/comments?post=1045"}],"version-history":[{"count":16,"href":"https:\/\/clauskostka.de\/fr\/wp-json\/wp\/v2\/pages\/1045\/revisions"}],"predecessor-version":[{"id":1833,"href":"https:\/\/clauskostka.de\/fr\/wp-json\/wp\/v2\/pages\/1045\/revisions\/1833"}],"up":[{"embeddable":true,"href":"https:\/\/clauskostka.de\/fr\/wp-json\/wp\/v2\/pages\/1043"}],"wp:attachment":[{"href":"https:\/\/clauskostka.de\/fr\/wp-json\/wp\/v2\/media?parent=1045"}],"curies":[{"name":"wp","href":"https:\/\/api.w.org\/{rel}","templated":true}]}}