{"id":134,"date":"2013-12-16T13:30:21","date_gmt":"2013-12-16T11:30:21","guid":{"rendered":"http:\/\/wp11273961.server-he.de\/?page_id=134"},"modified":"2015-07-17T12:22:59","modified_gmt":"2015-07-17T10:22:59","slug":"impressum","status":"publish","type":"page","link":"https:\/\/clauskostka.de\/fr\/impressum","title":{"rendered":"Mentions l\u00e9gales"},"content":{"rendered":"<p><\/p>\n<div class=\"eight columns\">Responsable pour cette page web:<br \/>\nAnbieterkennzeichnung nach \u00a76 des Teledienstegesetz (TDG)<\/p>\n<p>\u2028\u2028Claus Kostka\u2028<br \/>\nBrunnenstr. 4\u2028<br \/>\n79312 Emmendingen\u2028\u2028<br \/>\n+49(0)7641-935068<br \/>\norganisation@clauskostka.de\n<\/p><\/div>\n<div class=\"eight columns\">\n<strong>Clause de non-responsabilit\u00e9<\/strong><\/p>\n<p>Avec le jugement du 21 mai 1998 \u2013 312O85\/98 \u2013 \u201cresponsabilit\u00e9 pour les liens\u00a0\u00bb, le tribunal du Land de Hambourg a jug\u00e9 que l\u2019on est responsable pour les liens ajout\u00e9s et leurs contenus  ainsi que pour les liens qui figurent sur  les pages qui s\u2019ouvrent en cliquant sur ces liens. Ceci ne peut \u00eatre \u00e9vit\u00e9 qu\u2019en prenant  explicitement ses distances par rapport \u00e0 ces contenus.<br \/>\n\u00ab\u00a0Par le pr\u00e9sent \u00e9crit, je prends explicitement mes distances avec les contenus de toutes les pages qui apparaissent en cliquant sur des liens qui figurent sur mon site et  je ne  m\u2019approprie pas ces  contenus. Cette d\u00e9claration est valable pour tous les liens figurant sur mon site.\n<\/p><\/div>\n<p><\/p>","protected":false},"excerpt":{"rendered":"<p>Responsable pour cette page web: Anbieterkennzeichnung nach \u00a76 des Teledienstegesetz (TDG) \u2028\u2028Claus Kostka\u2028 Brunnenstr. 4\u2028 79312 Emmendingen\u2028\u2028 +49(0)7641-935068 organisation@clauskostka.de Clause de non-responsabilit\u00e9 Avec le jugement du 21 mai 1998 \u2013 312O85\/98 \u2013 \u201cresponsabilit\u00e9 pour les liens\u00a0\u00bb, le tribunal du Land de Hambourg a jug\u00e9 que l\u2019on est responsable pour les liens ajout\u00e9s et leurs contenus [&hellip;]<\/p>\n","protected":false},"author":48,"featured_media":0,"parent":0,"menu_order":8,"comment_status":"open","ping_status":"open","template":"","meta":{"footnotes":""},"class_list":["post-134","page","type-page","status-publish","hentry"],"_links":{"self":[{"href":"https:\/\/clauskostka.de\/fr\/wp-json\/wp\/v2\/pages\/134","targetHints":{"allow":["GET"]}}],"collection":[{"href":"https:\/\/clauskostka.de\/fr\/wp-json\/wp\/v2\/pages"}],"about":[{"href":"https:\/\/clauskostka.de\/fr\/wp-json\/wp\/v2\/types\/page"}],"author":[{"embeddable":true,"href":"https:\/\/clauskostka.de\/fr\/wp-json\/wp\/v2\/users\/48"}],"replies":[{"embeddable":true,"href":"https:\/\/clauskostka.de\/fr\/wp-json\/wp\/v2\/comments?post=134"}],"version-history":[{"count":1,"href":"https:\/\/clauskostka.de\/fr\/wp-json\/wp\/v2\/pages\/134\/revisions"}],"predecessor-version":[{"id":1186,"href":"https:\/\/clauskostka.de\/fr\/wp-json\/wp\/v2\/pages\/134\/revisions\/1186"}],"wp:attachment":[{"href":"https:\/\/clauskostka.de\/fr\/wp-json\/wp\/v2\/media?parent=134"}],"curies":[{"name":"wp","href":"https:\/\/api.w.org\/{rel}","templated":true}]}}