{"id":139,"date":"2013-12-16T13:40:57","date_gmt":"2013-12-16T11:40:57","guid":{"rendered":"http:\/\/wp11273961.server-he.de\/?page_id=139"},"modified":"2015-07-17T12:23:41","modified_gmt":"2015-07-17T10:23:41","slug":"teilnahmebedingungen","status":"publish","type":"page","link":"https:\/\/clauskostka.de\/fr\/teilnahmebedingungen","title":{"rendered":"Conditions de participation"},"content":{"rendered":"<p><\/p>\n<div class=\"sixteen columns\">\n<ol>\n<li>La fin des inscriptions est toujours 2 jours avant le d\u00e9but du stage.<\/li>\n<li>Ta place est r\u00e9serv\u00e9e avec l\u2019inscription \u00e9crite et l\u2019enregistrement de 50% des frais d\u2019inscription.<\/li>\n<li>Le reste est \u00e0 r\u00e9gler en esp\u00e8ces au d\u00e9but du stage.<\/li>\n<li>Vous \u00eates imm\u00e9diatement inform\u00e9s si l\u2019inscription \u00e0 un stage n\u2019est pas possible pour raison de demande pl\u00e9thorique ou s\u2019il y a une liste d\u2019attente.<\/li>\n<li>En cas d\u2019annulation jusqu\u2019\u00e0 30 jours avant le d\u00e9but du stage, nous vous remboursons l\u2019acompte dont sont d\u00e9duits\u00a030 Euros pour frais administratifs. En cas d\u2019annulation entre 15 \u00e0 30 (29\u00a0?) jours avant le d\u00e9but du stage, nous ne rembourserons l\u2019acompte que si vous trouvez un participant qui prendra votre place. En cas d\u2019annulation  \u00e0 moins de 15 jours avant le d\u00e9but du stage, il faut payer la somme compl\u00e8te, sauf, si vous trouvez un participant qui vous remplace. Dans ces cas, il est recommand\u00e9 de souscrire une assurance annulation aupr\u00e8s de la \u00ab\u00a0Europ\u00e4ische Reiseversicherung\u00a0\u00bb (www.seminar-versicherung.de).<\/li>\n<li>A votre demande, je vous transmets un certificat qui atteste votre participation au stage.<\/li>\n<li>Le d\u00e9but de chaque  stage est \u00e1 19h le premier jour et se termine le dernier jour \u00e0 17h (sauf indication diff\u00e9rente)<\/li>\n<li>La participation aux offres en groupe se fait de votre plein gr\u00e9. Chaque participant  est pleinement responsable de lui-m\u00eame et de ses actes dans le groupe et en dehors du groupe. L\u2019organisateur du stage ne porte aucune responsabilit\u00e9 pour les biens ou la sant\u00e9 du participant.<\/li>\n<li>En cas de soucis de sant\u00e9 qui exigent un traitement, je vous demande de m\u2019en informer et de demander l\u2019avis de votre m\u00e9decin avant l\u2019inscription au stage.<\/li>\n<li>L\u2019organisateur du stage ne fait que vous transmettre les informations concernant l\u2019h\u00e9bergement et la nourriture pendant le stage. Le r\u00e8glement des frais se fera directement aupr\u00e8s des responsables du lieu de stage.<\/li>\n<li>Les stages repr\u00e9sentent un travaille psychoth\u00e9rapeutique. En meme temps ils ne peuvent pas remplacer une psychoth\u00e9rapie \u00e0 long terme ni un traitement psychiatrique. En cas de doute, merci vous adresser \u00e0 nous.\n<\/li>\n<\/ol>\n<\/div>\n<p><\/p>","protected":false},"excerpt":{"rendered":"<p>La fin des inscriptions est toujours 2 jours avant le d\u00e9but du stage. Ta place est r\u00e9serv\u00e9e avec l\u2019inscription \u00e9crite et l\u2019enregistrement de 50% des frais d\u2019inscription. Le reste est \u00e0 r\u00e9gler en esp\u00e8ces au d\u00e9but du stage. Vous \u00eates imm\u00e9diatement inform\u00e9s si l\u2019inscription \u00e0 un stage n\u2019est pas possible pour raison de demande pl\u00e9thorique [&hellip;]<\/p>\n","protected":false},"author":48,"featured_media":0,"parent":0,"menu_order":9,"comment_status":"open","ping_status":"open","template":"","meta":{"footnotes":""},"class_list":["post-139","page","type-page","status-publish","hentry"],"_links":{"self":[{"href":"https:\/\/clauskostka.de\/fr\/wp-json\/wp\/v2\/pages\/139","targetHints":{"allow":["GET"]}}],"collection":[{"href":"https:\/\/clauskostka.de\/fr\/wp-json\/wp\/v2\/pages"}],"about":[{"href":"https:\/\/clauskostka.de\/fr\/wp-json\/wp\/v2\/types\/page"}],"author":[{"embeddable":true,"href":"https:\/\/clauskostka.de\/fr\/wp-json\/wp\/v2\/users\/48"}],"replies":[{"embeddable":true,"href":"https:\/\/clauskostka.de\/fr\/wp-json\/wp\/v2\/comments?post=139"}],"version-history":[{"count":1,"href":"https:\/\/clauskostka.de\/fr\/wp-json\/wp\/v2\/pages\/139\/revisions"}],"predecessor-version":[{"id":1188,"href":"https:\/\/clauskostka.de\/fr\/wp-json\/wp\/v2\/pages\/139\/revisions\/1188"}],"wp:attachment":[{"href":"https:\/\/clauskostka.de\/fr\/wp-json\/wp\/v2\/media?parent=139"}],"curies":[{"name":"wp","href":"https:\/\/api.w.org\/{rel}","templated":true}]}}