{"id":157,"date":"2013-12-17T18:19:45","date_gmt":"2013-12-17T16:19:45","guid":{"rendered":"http:\/\/wp11273961.server-he.de\/?page_id=157"},"modified":"2015-07-17T10:39:01","modified_gmt":"2015-07-17T08:39:01","slug":"ueber-soulutions","status":"publish","type":"page","link":"https:\/\/clauskostka.de\/fr\/termine\/soulutions\/ueber-soulutions","title":{"rendered":"\u00c0 propos de So(u)lutions"},"content":{"rendered":"<p><\/p>\n<div class=\"ten columns\">\n<span class=\"green\">Atteindre la clart\u00e9 de l&rsquo;\u00e2me<\/span><\/p>\n<p>Chacun de nous est venu au monde pour trouver ce qui lui est particulier. Pour s\u2019exprimer, trouver sa place, vivre l\u2019\u00e9panouissement.<br \/>\nSouvent, le chemin pour y arriver semble difficile et nous nous sentons face \u00e0 des obstacles et  emp\u00each\u00e9s dans l\u2019expression de nous-m\u00eames.<br \/>\nCela peut \u00eatre d\u00fb \u00e0 un syst\u00e8me familial dans lequel nous sommes \u2018enchev\u00eatr\u00e9s\u00a0\u2018, c&rsquo;est-\u00e0-dire\u00a0: nous avons accept\u00e9s des t\u00e2ches et des charges qui ne sont pas vraiment les n\u00f4tres.<br \/>\nEn repr\u00e9sentant notre syst\u00e8me familial  avec des \u2018rempla\u00e7ants\u2019 (personnes du groupe qui repr\u00e9sentent dans la constellation des personnes de notre famille),en nous ouvrant prudemment et en douceur pour les sentiments exprim\u00e9s, puis en transformant le syst\u00e8me, avec beaucoup de respect et d\u2019attention en direction d\u2019une bonne solution, nous permettons \u00e0 l\u2019\u00e2me de percevoir une nouvelle image int\u00e9rieure et , par la m\u00eame voie,  de nouvelles possibilit\u00e9s pour une transformation.<\/p>\n<p><span class=\"red\">En utilisant cette forme de psychoth\u00e9rapie de groupe nous pouvons :<\/span><\/p>\n<ul class=\"custom\">\n<li>Observer des liens probl\u00e9matiques, les dissoudre et prendre de nouvelles d\u00e9cisions<\/li>\n<li>Clarifier des relations<\/li>\n<li>Prendre conscience de probl\u00e8mes familiaux et les r\u00e9soudre (divorce, d\u00e9c\u00e8s, maladie, s\u00e9paration etc.)<\/li>\n<li>Clarifier notre situation professionnelle<\/li>\n<p>\t&lt;liApprendre \u00e0 \u00eatre dans la compassion et poser nos limites<\/li>\n<li>Trouver des forces gu\u00e9rissantes pour des probl\u00e8mes physiques<\/li>\n<\/ul>\n<p>Si vous ne voulez pas vous-m\u00eame  faire une constellation de votre syst\u00e8me familial, vous pouvez d\u00e9couvrir ce travail en tant que \u2018participant observateur\u2019 qui pourra n\u00e9anmoins \u00eatre choisi comme \u2018repr\u00e9sentant\u2019 dans d\u2019autres constellations familiales (ce qui peut d\u00e9j\u00e0 \u00eatre v\u00e9cu comme profond\u00e9ment satisfaisant et ouvrir de nouveaux horizons). <\/p>\n<\/div>\n<div class=\"six columns\">\n<img loading=\"lazy\" decoding=\"async\" src=\"http:\/\/planetcyborg.de\/blogs\/clauko\/files\/2013\/12\/Claus_sept2011-048.png\" alt=\"\" width=\"460\" height=\"345\" class=\"alignright size-full wp-image-479\" srcset=\"https:\/\/clauskostka.de\/files\/2013\/12\/Claus_sept2011-048.png 460w, https:\/\/clauskostka.de\/files\/2013\/12\/Claus_sept2011-048-300x225.png 300w\" sizes=\"auto, (max-width: 460px) 100vw, 460px\" \/><\/p>\n<p><img loading=\"lazy\" decoding=\"async\" src=\"http:\/\/planetcyborg.de\/blogs\/clauko\/files\/2013\/12\/Claus_sept2011-054.png\" alt=\"\" width=\"460\" height=\"345\" class=\"alignright size-full wp-image-480\" srcset=\"https:\/\/clauskostka.de\/files\/2013\/12\/Claus_sept2011-054.png 460w, https:\/\/clauskostka.de\/files\/2013\/12\/Claus_sept2011-054-300x225.png 300w\" sizes=\"auto, (max-width: 460px) 100vw, 460px\" \/><\/p>\n<p><img loading=\"lazy\" decoding=\"async\" src=\"http:\/\/planetcyborg.de\/blogs\/clauko\/files\/2013\/12\/Claus_sept2011-077.png\" alt=\"\" width=\"460\" height=\"345\" class=\"alignright size-full wp-image-481\" srcset=\"https:\/\/clauskostka.de\/files\/2013\/12\/Claus_sept2011-077.png 460w, https:\/\/clauskostka.de\/files\/2013\/12\/Claus_sept2011-077-300x225.png 300w\" sizes=\"auto, (max-width: 460px) 100vw, 460px\" \/>\n<\/div>\n<p><\/p>","protected":false},"excerpt":{"rendered":"<p>Atteindre la clart\u00e9 de l&rsquo;\u00e2me Chacun de nous est venu au monde pour trouver ce qui lui est particulier. Pour s\u2019exprimer, trouver sa place, vivre l\u2019\u00e9panouissement. Souvent, le chemin pour y arriver semble difficile et nous nous sentons face \u00e0 des obstacles et emp\u00each\u00e9s dans l\u2019expression de nous-m\u00eames. Cela peut \u00eatre d\u00fb \u00e0 un syst\u00e8me [&hellip;]<\/p>\n","protected":false},"author":48,"featured_media":0,"parent":16,"menu_order":1,"comment_status":"open","ping_status":"open","template":"","meta":{"footnotes":""},"class_list":["post-157","page","type-page","status-publish","hentry"],"_links":{"self":[{"href":"https:\/\/clauskostka.de\/fr\/wp-json\/wp\/v2\/pages\/157","targetHints":{"allow":["GET"]}}],"collection":[{"href":"https:\/\/clauskostka.de\/fr\/wp-json\/wp\/v2\/pages"}],"about":[{"href":"https:\/\/clauskostka.de\/fr\/wp-json\/wp\/v2\/types\/page"}],"author":[{"embeddable":true,"href":"https:\/\/clauskostka.de\/fr\/wp-json\/wp\/v2\/users\/48"}],"replies":[{"embeddable":true,"href":"https:\/\/clauskostka.de\/fr\/wp-json\/wp\/v2\/comments?post=157"}],"version-history":[{"count":2,"href":"https:\/\/clauskostka.de\/fr\/wp-json\/wp\/v2\/pages\/157\/revisions"}],"predecessor-version":[{"id":1141,"href":"https:\/\/clauskostka.de\/fr\/wp-json\/wp\/v2\/pages\/157\/revisions\/1141"}],"up":[{"embeddable":true,"href":"https:\/\/clauskostka.de\/fr\/wp-json\/wp\/v2\/pages\/16"}],"wp:attachment":[{"href":"https:\/\/clauskostka.de\/fr\/wp-json\/wp\/v2\/media?parent=157"}],"curies":[{"name":"wp","href":"https:\/\/api.w.org\/{rel}","templated":true}]}}