{"id":22,"date":"2013-12-03T18:25:42","date_gmt":"2013-12-03T16:25:42","guid":{"rendered":"http:\/\/wp11273961.server-he.de\/?page_id=22"},"modified":"2026-02-24T11:46:12","modified_gmt":"2026-02-24T10:46:12","slug":"weiterbildung-in-systemischer-aufstellungsarbeit","status":"publish","type":"page","link":"https:\/\/clauskostka.de\/fr\/ausbildung\/weiterbildung-in-systemischer-aufstellungsarbeit","title":{"rendered":"Formation d\u2019animateur-th\u00e9rapeute en constellations syst\u00e9miques (DGfS)"},"content":{"rendered":"<p><\/p>\n<div id=\"dgfs\" class=\"weiterbildung\"><\/div>\n<div class=\"ten columns\"><span class=\"green\">\u2018Aussi longtemps que nos anc\u00eatres continuent de souffrir en nous, nous ne pouvons pas \u00eatre vraiment heureux. Si nous avan\u00e7ons d\u2019un pas en pleine conscience, librement heureux d\u2019\u00eatre en contact avec la terre, nous le faisons pour toutes les g\u00e9n\u00e9rations pass\u00e9es et futures. Toutes, elles arrivent au moment o\u00f9 nous arrivons et nous trouvons tous la paix en m\u00eame temps.\u2019<\/span><br \/>\n<em>Thich Nhat Hahn<\/em>\n<\/div>\n<div><\/div>\n<div class=\"ten columns\">Je suis enseignant et formateur agr\u00e9\u00e9 par la Soci\u00e9t\u00e9 allemande de constellations syst\u00e9miques et propose depuis 2014 des formations continues pour devenir animateur\/animatrice de constellations en Allemagne, en France et en Roumanie.La formation continue dure deux ans et se compose de huit modules de quatre jours, de cinq cours du soir en ligne et d&rsquo;un week-end de cl\u00f4ture.<\/p>\n<p>Les participants re\u00e7oivent un certificat attestant qu&rsquo;ils ont suivi la formation avec succ\u00e8s. Apr\u00e8s une ann\u00e9e suppl\u00e9mentaire sous supervision, je peux confirmer que le participant est capable de diriger des constellations syst\u00e9miques de mani\u00e8re responsable et consciencieuse.<\/p>\n<p>L&rsquo;autorisation d&rsquo;exercer la th\u00e9rapie est d\u00e9livr\u00e9e par l&rsquo;autorit\u00e9 publique comp\u00e9tente.<\/p>\n<p>Le co\u00fbt de la formation continue s&rsquo;\u00e9l\u00e8ve actuellement \u00e0 5 200,00 euros. L&rsquo;h\u00e9bergement et les repas ne sont pas y compris.<\/p>\n<p>Diff\u00e9rents modes de paiement sont propos\u00e9s.<\/p>\n<p>La prochaine formation continue devrait d\u00e9buter fin 2026; pour plus d&rsquo;informations, veuillez contacter<\/p>\n<p>Anne-C\u00e9cile Rannou,<\/p>\n<p>mail : ac.rannou@gmail.com<\/p>\n<p><span class=\"red\">Curriculum:<\/span><\/p>\n<ul class=\"custom\">\n<li>Premi\u00e8re rencontre<br \/>\nConscience de soi et faits familiaux<\/li>\n<li>Deuxi\u00e8me rencontre<br \/>\nConstellations et psychoth\u00e9rapie corporelle et les fondamentaux d&rsquo;une constellation<\/li>\n<li>Troisi\u00e8me rencontre<br \/>\nConstellations en th\u00e9rapie individuelle<\/li>\n<li>Quatri\u00e8me rencontre<br \/>\nConstellation et traumatisme<\/li>\n<li>Cinqui\u00e8me rencontre<br \/>\nTh\u00e9orie et pratique avec supervision des diff\u00e9rentes formes de constellations et Dynamiques particuli\u00e8res avec supervision<\/li>\n<li>Sixi\u00e8me rencontre<br \/>\nConscience de soi<\/li>\n<li>Septi\u00e8me rencontre<br \/>\nApproche ph\u00e9nom\u00e9nologique, r\u00f4le de l\u2019animateur-th\u00e9rapeute, constellations exp\u00e9rimentales avec supervision<\/li>\n<li>Huiti\u00e8me rencontre<br \/>\nQuestions ouvertes, refraichissement et repetition<\/li>\n<li>Neuvi\u00e8me recontre<\/li>\n<li>rituel du fin de la formation et certification<\/li>\n<\/ul>\n<p align=\"JUSTIFY\"><span style=\"font-family: KabelITCTT\"><span style=\"font-size: large\">\u00a0<\/span><\/span><\/p>\n<\/div>\n<div class=\"six columns\">\n<p><img loading=\"lazy\" decoding=\"async\" class=\"alignright wp-image-255 size-full\" src=\"https:\/\/clauskostka.de\/files\/2013\/12\/Fotolia_863119_S.png\" alt=\"\" width=\"460\" height=\"647\" srcset=\"https:\/\/clauskostka.de\/files\/2013\/12\/Fotolia_863119_S.png 460w, https:\/\/clauskostka.de\/files\/2013\/12\/Fotolia_863119_S-213x300.png 213w\" sizes=\"auto, (max-width: 460px) 100vw, 460px\" \/><img loading=\"lazy\" decoding=\"async\" class=\"alignright wp-image-479 size-full\" src=\"https:\/\/clauskostka.de\/files\/2013\/12\/Claus_sept2011-048.png\" alt=\"\" width=\"460\" height=\"345\" srcset=\"https:\/\/clauskostka.de\/files\/2013\/12\/Claus_sept2011-048.png 460w, https:\/\/clauskostka.de\/files\/2013\/12\/Claus_sept2011-048-300x225.png 300w\" sizes=\"auto, (max-width: 460px) 100vw, 460px\" \/><\/p>\n<p><img loading=\"lazy\" decoding=\"async\" class=\"alignright wp-image-482 size-full\" src=\"https:\/\/clauskostka.de\/files\/2013\/12\/Claus_sept2011-089.png\" alt=\"\" width=\"460\" height=\"345\" srcset=\"https:\/\/clauskostka.de\/files\/2013\/12\/Claus_sept2011-089.png 460w, https:\/\/clauskostka.de\/files\/2013\/12\/Claus_sept2011-089-300x225.png 300w\" sizes=\"auto, (max-width: 460px) 100vw, 460px\" \/><\/p>\n<\/div>\n<p><\/p>","protected":false},"excerpt":{"rendered":"<p>\u2018Aussi longtemps que nos anc\u00eatres continuent de souffrir en nous, nous ne pouvons pas \u00eatre vraiment heureux. Si nous avan\u00e7ons d\u2019un pas en pleine conscience, librement heureux d\u2019\u00eatre en contact avec la terre, nous le faisons pour toutes les g\u00e9n\u00e9rations pass\u00e9es et futures. Toutes, elles arrivent au moment o\u00f9 nous arrivons et nous trouvons tous [&hellip;]<\/p>\n","protected":false},"author":48,"featured_media":0,"parent":20,"menu_order":1,"comment_status":"open","ping_status":"open","template":"","meta":{"footnotes":""},"class_list":["post-22","page","type-page","status-publish","hentry"],"_links":{"self":[{"href":"https:\/\/clauskostka.de\/fr\/wp-json\/wp\/v2\/pages\/22","targetHints":{"allow":["GET"]}}],"collection":[{"href":"https:\/\/clauskostka.de\/fr\/wp-json\/wp\/v2\/pages"}],"about":[{"href":"https:\/\/clauskostka.de\/fr\/wp-json\/wp\/v2\/types\/page"}],"author":[{"embeddable":true,"href":"https:\/\/clauskostka.de\/fr\/wp-json\/wp\/v2\/users\/48"}],"replies":[{"embeddable":true,"href":"https:\/\/clauskostka.de\/fr\/wp-json\/wp\/v2\/comments?post=22"}],"version-history":[{"count":63,"href":"https:\/\/clauskostka.de\/fr\/wp-json\/wp\/v2\/pages\/22\/revisions"}],"predecessor-version":[{"id":2008,"href":"https:\/\/clauskostka.de\/fr\/wp-json\/wp\/v2\/pages\/22\/revisions\/2008"}],"up":[{"embeddable":true,"href":"https:\/\/clauskostka.de\/fr\/wp-json\/wp\/v2\/pages\/20"}],"wp:attachment":[{"href":"https:\/\/clauskostka.de\/fr\/wp-json\/wp\/v2\/media?parent=22"}],"curies":[{"name":"wp","href":"https:\/\/api.w.org\/{rel}","templated":true}]}}