{"id":32,"date":"2013-12-03T18:58:11","date_gmt":"2013-12-03T16:58:11","guid":{"rendered":"http:\/\/wp11273961.server-he.de\/?page_id=32"},"modified":"2021-03-03T14:50:03","modified_gmt":"2021-03-03T13:50:03","slug":"einzeltherapie","status":"publish","type":"page","link":"https:\/\/clauskostka.de\/fr\/praxis-in-freiburg\/einzeltherapie","title":{"rendered":"Th\u00e9rapie individuelle"},"content":{"rendered":"<p><\/p>\n<div class=\"ten columns\">Si vous etes interess\u00e9 a la th\u00e9rapie individuelle a Freiburg ou via internet contactez-moi s&rsquo;il vous plait.<br \/>\nLa Langue parl\u00e9 pendant la session doit etre anglais.<\/div>\n<div class=\"ten columns\">Merci.<\/div>\n<div><\/div>\n<div class=\"ten columns\">Vous pouvez me contacter sur telephone ou email:<\/div>\n<div class=\"ten columns\">Claus Kostka<\/div>\n<div class=\"ten columns\">0049 177 166 1631<\/div>\n<div class=\"ten columns\">ou: clauko@gmx.net<\/div>\n<div class=\"six columns\"><img loading=\"lazy\" decoding=\"async\" class=\"alignright size-full wp-image-259\" src=\"http:\/\/planetcyborg.de\/blogs\/clauko\/files\/2013\/12\/Fotolia_739701_S.png\" alt=\"\" width=\"460\" height=\"306\" srcset=\"https:\/\/clauskostka.de\/files\/2013\/12\/Fotolia_739701_S.png 460w, https:\/\/clauskostka.de\/files\/2013\/12\/Fotolia_739701_S-300x200.png 300w\" sizes=\"auto, (max-width: 460px) 100vw, 460px\" \/><\/div>\n<p><\/p>\n<div class=\"ten columns\">Si vous etes interess\u00e9 a la th\u00e9rapie individuelle a Freiburg ou via internet contactez-moi s&rsquo;il vous plait.<br \/>\nLa Langue parl\u00e9 pendant la session doit etre anglais.<\/div>\n<div class=\"ten columns\">Merci.<\/div>\n<div><\/div>\n<div class=\"ten columns\">Vous pouvez me contacter sur telephone ou email:<\/div>\n<div class=\"ten columns\">Claus Kostka<\/div>\n<div class=\"ten columns\">0049 177 166 1631<\/div>\n<div class=\"ten columns\">ou: clauko@gmx.net<\/div>\n<div class=\"six columns\"><img loading=\"lazy\" decoding=\"async\" class=\"alignright size-full wp-image-259\" src=\"http:\/\/planetcyborg.de\/blogs\/clauko\/files\/2013\/12\/Fotolia_739701_S.png\" alt=\"\" width=\"460\" height=\"306\" srcset=\"https:\/\/clauskostka.de\/files\/2013\/12\/Fotolia_739701_S.png 460w, https:\/\/clauskostka.de\/files\/2013\/12\/Fotolia_739701_S-300x200.png 300w\" sizes=\"auto, (max-width: 460px) 100vw, 460px\" \/><\/div>\n<p><\/p>\n<div class=\"ten columns\">Si vous etes interess\u00e9 a la th\u00e9rapie individuelle a Freiburg ou via internet contactez-moi s&rsquo;il vous plait.<br \/>\nLa Langue parl\u00e9 pendant la session doit etre anglais.<\/div>\n<div class=\"ten columns\">Merci.<\/div>\n<div><\/div>\n<div class=\"ten columns\">Vous pouvez me contacter sur telephone ou email:<\/div>\n<div class=\"ten columns\">Claus Kostka<\/div>\n<div class=\"ten columns\">0049 177 166 1631<\/div>\n<div class=\"ten columns\">ou: clauko@gmx.net<\/div>\n<div class=\"six columns\"><img loading=\"lazy\" decoding=\"async\" class=\"alignright size-full wp-image-259\" src=\"http:\/\/planetcyborg.de\/blogs\/clauko\/files\/2013\/12\/Fotolia_739701_S.png\" alt=\"\" width=\"460\" height=\"306\" srcset=\"https:\/\/clauskostka.de\/files\/2013\/12\/Fotolia_739701_S.png 460w, https:\/\/clauskostka.de\/files\/2013\/12\/Fotolia_739701_S-300x200.png 300w\" sizes=\"auto, (max-width: 460px) 100vw, 460px\" \/><\/div>\n<div class=\"ten columns\">Si vous etes interess\u00e9 a la th\u00e9rapie individuelle a Freiburg contactez-moi s&rsquo;il vous plait.<br \/>\nLa Langue parl\u00e9 pendant la session doit etre anglais.<\/div>\n<div class=\"ten columns\">Merci.<\/div>\n<div><\/div>\n<div class=\"ten columns\">Vous pouvez me contacter sur telephone ou email:<\/div>\n<div class=\"ten columns\">Claus Kostka<\/div>\n<div class=\"ten columns\">0049 177 166 1631<\/div>\n<div class=\"ten columns\">ou: clauko@gmx.net<\/div>\n<div class=\"six columns\"><img loading=\"lazy\" decoding=\"async\" class=\"alignright size-full wp-image-259\" src=\"http:\/\/planetcyborg.de\/blogs\/clauko\/files\/2013\/12\/Fotolia_739701_S.png\" alt=\"\" width=\"460\" height=\"306\" srcset=\"https:\/\/clauskostka.de\/files\/2013\/12\/Fotolia_739701_S.png 460w, https:\/\/clauskostka.de\/files\/2013\/12\/Fotolia_739701_S-300x200.png 300w\" sizes=\"auto, (max-width: 460px) 100vw, 460px\" \/><\/div>\n<p><\/p>\n<div class=\"ten columns\">Si vous etes interess\u00e9 a la th\u00e9rapie individuelle a Freiburg contactez-moi s&rsquo;il vous plait.<br \/>\nLa Langue parl\u00e9 pendant la session doit etre anglais.<\/div>\n<div class=\"ten columns\">Merci.<\/div>\n<div><\/div>\n<div class=\"ten columns\">Vous pouvez me contacter sur telephone ou email:<\/div>\n<div class=\"ten columns\">Claus Kostka<\/div>\n<div class=\"ten columns\">0049 177 166 1631<\/div>\n<div class=\"ten columns\">ou: clauko@gmx.net<\/div>\n<div class=\"six columns\"><img loading=\"lazy\" decoding=\"async\" class=\"alignright size-full wp-image-259\" src=\"http:\/\/planetcyborg.de\/blogs\/clauko\/files\/2013\/12\/Fotolia_739701_S.png\" alt=\"\" width=\"460\" height=\"306\" srcset=\"https:\/\/clauskostka.de\/files\/2013\/12\/Fotolia_739701_S.png 460w, https:\/\/clauskostka.de\/files\/2013\/12\/Fotolia_739701_S-300x200.png 300w\" sizes=\"auto, (max-width: 460px) 100vw, 460px\" \/><\/div>\n<div class=\"ten columns\">Si vous etes interess\u00e9 a la th\u00e9rapie individuelle a Freiburg contactez-moi s&rsquo;il vous plait.<br \/>\nLa Langue parl\u00e9 pendant la session doit etre anglais.<\/div>\n<div class=\"ten columns\">Merci.<\/div>\n<div><\/div>\n<div class=\"ten columns\">Vous pouvez me contacter sur telephone ou email:<\/div>\n<div class=\"ten columns\">Claus Kostka<\/div>\n<div class=\"ten columns\">0049 177 166 1631<\/div>\n<div class=\"ten columns\">ou: clauko@gmx.net<\/div>\n<div class=\"six columns\"><img loading=\"lazy\" decoding=\"async\" class=\"alignright size-full wp-image-259\" src=\"http:\/\/planetcyborg.de\/blogs\/clauko\/files\/2013\/12\/Fotolia_739701_S.png\" alt=\"\" width=\"460\" height=\"306\" srcset=\"https:\/\/clauskostka.de\/files\/2013\/12\/Fotolia_739701_S.png 460w, https:\/\/clauskostka.de\/files\/2013\/12\/Fotolia_739701_S-300x200.png 300w\" sizes=\"auto, (max-width: 460px) 100vw, 460px\" \/><\/div>\n<div class=\"ten columns\">Si vous etes interess\u00e9 a la th\u00e9rapie individuelle a Freiburg contactez-moi s&rsquo;il vous plait.<br \/>\nLa Langue parl\u00e9 pendant la session doit etre anglais.<\/div>\n<div class=\"ten columns\">Merci.<\/div>\n<div><\/div>\n<div class=\"ten columns\">Vous pouvez me contacter sur telephone ou email:<\/div>\n<div class=\"ten columns\">Claus Kostka<\/div>\n<div class=\"ten columns\">0049 177 166 1631<\/div>\n<div class=\"ten columns\">ou: clauko@gmx.net<\/div>\n<div class=\"six columns\"><img loading=\"lazy\" decoding=\"async\" class=\"alignright size-full wp-image-259\" src=\"http:\/\/planetcyborg.de\/blogs\/clauko\/files\/2013\/12\/Fotolia_739701_S.png\" alt=\"\" width=\"460\" height=\"306\" srcset=\"https:\/\/clauskostka.de\/files\/2013\/12\/Fotolia_739701_S.png 460w, https:\/\/clauskostka.de\/files\/2013\/12\/Fotolia_739701_S-300x200.png 300w\" sizes=\"auto, (max-width: 460px) 100vw, 460px\" \/><\/div>\n<div class=\"ten columns\">Si vous etes interess\u00e9 a la th\u00e9rapie individuelle a Freiburg contactez-moi s&rsquo;il vous plait.<br \/>\nLa Langue parl\u00e9 pendant la session doit etre anglais.<\/div>\n<div class=\"ten columns\">Merci.<\/div>\n<div><\/div>\n<div class=\"ten columns\">Vous pouvez me contacter sur telephone ou email:<\/div>\n<div class=\"ten columns\">Claus Kostka<\/div>\n<div class=\"ten columns\">0049 177 166 1631<\/div>\n<div class=\"ten columns\">ou: clauko@gmx.net<\/div>\n<div class=\"six columns\"><img loading=\"lazy\" decoding=\"async\" class=\"alignright size-full wp-image-259\" src=\"http:\/\/planetcyborg.de\/blogs\/clauko\/files\/2013\/12\/Fotolia_739701_S.png\" alt=\"\" width=\"460\" height=\"306\" srcset=\"https:\/\/clauskostka.de\/files\/2013\/12\/Fotolia_739701_S.png 460w, https:\/\/clauskostka.de\/files\/2013\/12\/Fotolia_739701_S-300x200.png 300w\" sizes=\"auto, (max-width: 460px) 100vw, 460px\" \/><\/div>\n<p><\/p>","protected":false},"excerpt":{"rendered":"<p>Si vous etes interess\u00e9 a la th\u00e9rapie individuelle a Freiburg ou via internet contactez-moi s&rsquo;il vous plait. La Langue parl\u00e9 pendant la session doit etre anglais. Merci. Vous pouvez me contacter sur telephone ou email: Claus Kostka 0049 177 166 1631 ou: clauko@gmx.net Si vous etes interess\u00e9 a la th\u00e9rapie individuelle a Freiburg ou via [&hellip;]<\/p>\n","protected":false},"author":48,"featured_media":0,"parent":24,"menu_order":1,"comment_status":"open","ping_status":"open","template":"","meta":{"footnotes":""},"class_list":["post-32","page","type-page","status-publish","hentry"],"_links":{"self":[{"href":"https:\/\/clauskostka.de\/fr\/wp-json\/wp\/v2\/pages\/32","targetHints":{"allow":["GET"]}}],"collection":[{"href":"https:\/\/clauskostka.de\/fr\/wp-json\/wp\/v2\/pages"}],"about":[{"href":"https:\/\/clauskostka.de\/fr\/wp-json\/wp\/v2\/types\/page"}],"author":[{"embeddable":true,"href":"https:\/\/clauskostka.de\/fr\/wp-json\/wp\/v2\/users\/48"}],"replies":[{"embeddable":true,"href":"https:\/\/clauskostka.de\/fr\/wp-json\/wp\/v2\/comments?post=32"}],"version-history":[{"count":16,"href":"https:\/\/clauskostka.de\/fr\/wp-json\/wp\/v2\/pages\/32\/revisions"}],"predecessor-version":[{"id":1705,"href":"https:\/\/clauskostka.de\/fr\/wp-json\/wp\/v2\/pages\/32\/revisions\/1705"}],"up":[{"embeddable":true,"href":"https:\/\/clauskostka.de\/fr\/wp-json\/wp\/v2\/pages\/24"}],"wp:attachment":[{"href":"https:\/\/clauskostka.de\/fr\/wp-json\/wp\/v2\/media?parent=32"}],"curies":[{"name":"wp","href":"https:\/\/api.w.org\/{rel}","templated":true}]}}