{"id":456,"date":"2014-01-04T11:12:19","date_gmt":"2014-01-04T09:12:19","guid":{"rendered":"http:\/\/wp11273961.server-he.de\/?page_id=456"},"modified":"2019-01-30T16:22:57","modified_gmt":"2019-01-30T15:22:57","slug":"ueber-deep-soulbreathing","status":"publish","type":"page","link":"https:\/\/clauskostka.de\/fr\/termine\/deep-soulbreathing\/ueber-deep-soulbreathing","title":{"rendered":"\u00c0 propos de Deep Soulbreathing"},"content":{"rendered":"<p><\/p>\n<div class=\"ten columns\">\n<p><span class=\"green\">???<\/span><\/p>\n<p>La \u201arespiration profonde de l\u2019\u00e2me&rsquo; est le r\u00e9sultat de 30 ann\u00e9es de d\u00e9veloppement, de ressenti, de continuit\u00e9 sur le chemin emprunt\u00e9 et d\u2019une nouvelle formulation de la d\u00e9marche. C\u2019est une forme puissante et durable d\u2019une psychoth\u00e9rapie par la voie du corps. Au d\u00e9but, il y avait une formation en th\u00e9rapie primale chez le Docteur Henning v.d.Osten, suivie d\u2019une formation et d\u2019une r\u00e9flexion profonde concernant le concept de la respiration intuitive de Karl Scherer. En me basant sur ces exp\u00e9riences, j\u2019ai d\u00e9velopp\u00e9 au fur et \u00e0 mesure la forme actuelle de la th\u00e9rapie par la respiration, dans laquelle la respiration repr\u00e9sente une sorte de \u2018passe-partout\u2019 (\u00e0 ne pas confondre avec un rem\u00e8de qui gu\u00e9rit de tout) vers les contenus inconscients de notre \u00e2me. Art Janov, fondateur de la th\u00e9rapie primale, a dit un jour que la respiration \u00e9tait \u00ab\u00a0la voie royale vers notre inconscient\u00a0\u00bb. Je ne peux que le confirmer. (Et encore beaucoup plus.)<br \/>\nSi nous prenons la respiration telle qu\u2019elle est employ\u00e9e dans le \u00ab\u00a0Respiration profonde de l\u2019\u00e2me\u00a0\u00bb dans une vis\u00e9e th\u00e9rapeutique, on peut comparer le cheminement avec le passage d\u2019un pont qui nous m\u00e8ne en douceur et pourtant directement vers notre \u00e2me. Notre \u00e2me est porteur de la matrice de ce qui est pure \u00e9panouissement pour chacun de nous.<br \/>\nEt c\u2019est ce qui m\u2019int\u00e9resse vraiment\u00a0: comment la personne en face de moi peux-t-elle trouver \u00e9panouissement, sant\u00e9 et paix int\u00e9rieure.<br \/>\nActuellement, il y a trois offres diff\u00e9rentes comment la \u00ab\u00a0Respiration profonde de l\u2019\u00e2me\u00a0\u00bb peut \u00eatre v\u00e9cu dans le cadre d\u2019un groupe\u00a0:<\/p>\n<p><span class=\"red\">\u201eDeep Soulbreathing\u201c    (DSB)                        &#8211;                              week-end pour \u2018d\u00e9butants\u2019<\/span><br \/>\nLors de ce week-end, nous apprendrons les bases du \u00ab\u00a0DSB\u00a0\u00bb et ferons , \u00e0 notre rythme, les premiers pas par une exp\u00e9rience directe. Le vendredi est destin\u00e9 \u00e0 une prise de contact, le samedi est enti\u00e8rement consacr\u00e9 au travail th\u00e9rapeutique par la respiration et le dimanche, nous allons arrondir et compl\u00e9ter ce qui est apparu dans le travail du samedi.<\/p>\n<p><span class=\"red\">Deep Soulbreathing-Intensivtage<\/span><br \/>\nPendant ces 4,5 jours, nous nous retrouvons dans une belle maison dans les Vosges (\u201eTotalArtOasis\u00a0\u00bb, Bussang). Nous profitons l\u00e0-bas d\u2019une pension compl\u00e8te ce qui nous permet de nous consacrer enti\u00e8rement aux besoins formul\u00e9s par chacun. Chaque journ\u00e9e est encadr\u00e9e par diff\u00e9rentes m\u00e9ditations et laisse ensuite beaucoup d\u2019espace pour enlever des obstacles et d\u2019ouvrir des espaces nouveaux gr\u00e2ce \u00e0 la respiration profonde ce qui nous permet d\u2019arriver dans notre for int\u00e9rieur. Des exercices venant d\u2019autres approches de la psychoth\u00e9rapie par le corps, de la th\u00e9rapie par l\u2019art et l\u2019entretien accentu\u00e9ront les bienfaits th\u00e9rapeutiques du travail th\u00e9rapeutique par la respiration. <\/p>\n<p><span class=\"red\">Deep Soulbreathing  &#8211;                                                  La semaine  de la respiration<\/span><br \/>\nIl y a des gens qui classent leur vie dans une vie avant et une vie apr\u00e8s la semaine de la respiration. Pourquoi est-ce ainsi\u00a0?<br \/>\nEn gu\u00e9rissant les blessures d\u2019enfance, les forces de la vie et la joie de vivre sont lib\u00e9r\u00e9es et accessibles\u00a0; les structures et sch\u00e9mas qui nous emp\u00eachent de vivre notre potentiel  tout \u00e0 fait personnel deviennent conscients  et peuvent \u00eatre d\u00e9pass\u00e9s. Cette approche de la d\u00e9couverte de son \u2018soi\u2019 permet \u00e0 chacun une \u00e9volution durable et un contact profond avec son \u00e2me. La semaine de la respiration donne l\u2019occasion de se renouveler compl\u00e8tement et permet de retrouver la vision originelle de sa vie. Nous exploitons pendant six jours les forces de transformation du travail th\u00e9rapeutique par la respiration et avan\u00e7ons, pas \u00e0  pas, \u00e0 travers les douleurs et les prises de position du pass\u00e9 vers les possibilit\u00e9s du pr\u00e9sent.\n<\/div>\n<div class=\"six columns\">\n<img loading=\"lazy\" decoding=\"async\" src=\"http:\/\/planetcyborg.de\/blogs\/clauko\/files\/2014\/01\/baldEagle.png\" alt=\"\" width=\"460\" height=\"315\" class=\"alignright size-full wp-image-539\" srcset=\"https:\/\/clauskostka.de\/files\/2014\/01\/baldEagle.png 460w, https:\/\/clauskostka.de\/files\/2014\/01\/baldEagle-300x205.png 300w\" sizes=\"auto, (max-width: 460px) 100vw, 460px\" \/><\/p>\n<p><img loading=\"lazy\" decoding=\"async\" src=\"http:\/\/planetcyborg.de\/blogs\/clauko\/files\/2014\/01\/breathing3312.png\" alt=\"\" width=\"460\" height=\"555\" class=\"alignright size-full wp-image-540\" srcset=\"https:\/\/clauskostka.de\/files\/2014\/01\/breathing3312.png 460w, https:\/\/clauskostka.de\/files\/2014\/01\/breathing3312-249x300.png 249w\" sizes=\"auto, (max-width: 460px) 100vw, 460px\" \/><\/p>\n<p><img loading=\"lazy\" decoding=\"async\" src=\"http:\/\/planetcyborg.de\/blogs\/clauko\/files\/2014\/01\/eddfjjbe1.png\" alt=\"\" width=\"460\" height=\"531\" class=\"alignright size-full wp-image-541\" srcset=\"https:\/\/clauskostka.de\/files\/2014\/01\/eddfjjbe1.png 460w, https:\/\/clauskostka.de\/files\/2014\/01\/eddfjjbe1-260x300.png 260w\" sizes=\"auto, (max-width: 460px) 100vw, 460px\" \/><\/p>\n<p><img loading=\"lazy\" decoding=\"async\" src=\"http:\/\/planetcyborg.de\/blogs\/clauko\/files\/2014\/01\/karmaa1.png\" alt=\"\" width=\"460\" height=\"378\" class=\"alignright size-full wp-image-542\" srcset=\"https:\/\/clauskostka.de\/files\/2014\/01\/karmaa1.png 460w, https:\/\/clauskostka.de\/files\/2014\/01\/karmaa1-300x247.png 300w\" sizes=\"auto, (max-width: 460px) 100vw, 460px\" \/>\n<\/div>\n<p><\/p>","protected":false},"excerpt":{"rendered":"<p>??? La \u201arespiration profonde de l\u2019\u00e2me&rsquo; est le r\u00e9sultat de 30 ann\u00e9es de d\u00e9veloppement, de ressenti, de continuit\u00e9 sur le chemin emprunt\u00e9 et d\u2019une nouvelle formulation de la d\u00e9marche. C\u2019est une forme puissante et durable d\u2019une psychoth\u00e9rapie par la voie du corps. Au d\u00e9but, il y avait une formation en th\u00e9rapie primale chez le Docteur [&hellip;]<\/p>\n","protected":false},"author":48,"featured_media":0,"parent":18,"menu_order":2,"comment_status":"open","ping_status":"open","template":"","meta":{"footnotes":""},"class_list":["post-456","page","type-page","status-publish","hentry"],"_links":{"self":[{"href":"https:\/\/clauskostka.de\/fr\/wp-json\/wp\/v2\/pages\/456","targetHints":{"allow":["GET"]}}],"collection":[{"href":"https:\/\/clauskostka.de\/fr\/wp-json\/wp\/v2\/pages"}],"about":[{"href":"https:\/\/clauskostka.de\/fr\/wp-json\/wp\/v2\/types\/page"}],"author":[{"embeddable":true,"href":"https:\/\/clauskostka.de\/fr\/wp-json\/wp\/v2\/users\/48"}],"replies":[{"embeddable":true,"href":"https:\/\/clauskostka.de\/fr\/wp-json\/wp\/v2\/comments?post=456"}],"version-history":[{"count":9,"href":"https:\/\/clauskostka.de\/fr\/wp-json\/wp\/v2\/pages\/456\/revisions"}],"predecessor-version":[{"id":1600,"href":"https:\/\/clauskostka.de\/fr\/wp-json\/wp\/v2\/pages\/456\/revisions\/1600"}],"up":[{"embeddable":true,"href":"https:\/\/clauskostka.de\/fr\/wp-json\/wp\/v2\/pages\/18"}],"wp:attachment":[{"href":"https:\/\/clauskostka.de\/fr\/wp-json\/wp\/v2\/media?parent=456"}],"curies":[{"name":"wp","href":"https:\/\/api.w.org\/{rel}","templated":true}]}}