{"id":472,"date":"2014-01-04T17:53:06","date_gmt":"2014-01-04T15:53:06","guid":{"rendered":"http:\/\/wp11273961.server-he.de\/?page_id=472"},"modified":"2022-11-09T13:27:05","modified_gmt":"2022-11-09T12:27:05","slug":"links-2","status":"publish","type":"page","link":"https:\/\/clauskostka.de\/fr\/inspirationen\/links-2","title":{"rendered":"Les connexions"},"content":{"rendered":"<p><\/p>\n<div class=\"ten columns\">\n<table>\n<tbody>\n<tr>\n<td><strong><a title=\"DGfS Baden-W\u00fcrttemberg\" href=\"http:\/\/www.familienaufstellung.org\/Regionalgruppe-Baden-Wuerttemberg\" target=\"_blank\" rel=\"noopener noreferrer\">DGfS Baden-W\u00fcrttemberg<\/a><\/strong><\/td>\n<td>Deutsche Gesellschaft f\u00fcr Systemaufstellungen, Regionalgruppe Baden-W\u00fcrttemberg<\/td>\n<\/tr>\n<tr>\n<td><strong><a title=\"Formation Conseil\" href=\"http:\/\/www.formation-conseil.org\/\" target=\"_blank\" rel=\"noopener noreferrer\">Formation Conseil<\/a><\/strong><\/td>\n<td>Anne Grimault\u00a0 ist eine wunderbare Aikido Lehrerin<\/td>\n<\/tr>\n<tr>\n<td><strong><a title=\"Georg K\u00fchnl\" href=\"http:\/\/impulsundberatung.de\/\" target=\"_blank\" rel=\"noopener noreferrer\">Georg K\u00fchnl<\/a><\/strong><\/td>\n<td>homepage des Beraters Georg K\u00fchnl<\/td>\n<\/tr>\n<tr>\n<td><strong><a title=\"Hohmpress\" href=\"http:\/\/www.hohmpress.com\/\" target=\"_blank\" rel=\"noopener noreferrer\">Hohmpress<\/a><\/strong><\/td>\n<td>Homepage eines kleinen, aber feinen US-Verlages<\/td>\n<\/tr>\n<tr>\n<td><strong><a title=\"INITA\" href=\"http:\/\/www.inita.de\/\" target=\"_blank\" rel=\"noopener noreferrer\">INITA<\/a><\/strong><\/td>\n<td>INITA gemeinn\u00fctzige GmbH<br \/>\nInstitut f\u00fcr angewandte Psychologie, Transaktionsanalyse und Erwachsenenbildung<\/td>\n<\/tr>\n<tr>\n<td><strong><a title=\"International Primal Association\" href=\"http:\/\/www.primals.org\/\" target=\"_blank\" rel=\"noopener noreferrer\">International Primal Association<\/a><\/strong><\/td>\n<td>Die Homepage der International Primal Association<\/td>\n<\/tr>\n<tr>\n<td>anjakostka.de<\/td>\n<td>Homepage f\u00fcr Kunsttherapie und Focusing meiner Frau Anja Kostka<\/td>\n<\/tr>\n<tr>\n<td><\/td>\n<td><\/td>\n<\/tr>\n<tr>\n<td><strong><a title=\"Institut f\u00fcr Atempsychotherapie\" href=\"http:\/\/www.atempsychotherapie.de\/\" target=\"_blank\" rel=\"noopener noreferrer\">Institut f\u00fcr Atempsychotherapie<\/a><\/strong><\/td>\n<td>Stefan Bischof, Heilpraktiker f\u00fcr Psychtherapie, Homepage des Instituts f\u00fcr Atempsychotherapie<\/td>\n<\/tr>\n<tr>\n<td><strong><a title=\"Michael Schr\u00f6der\" href=\"http:\/\/www.linarson.com\/\" target=\"_blank\" rel=\"noopener noreferrer\">Michael Schr\u00f6der<\/a><\/strong><\/td>\n<td>Internationaler Coach<\/td>\n<\/tr>\n<tr>\n<td><\/td>\n<td><\/td>\n<\/tr>\n<\/tbody>\n<\/table>\n<\/div>\n<div class=\"six columns\">\n<p><img loading=\"lazy\" decoding=\"async\" class=\"alignright wp-image-487 size-full\" src=\"https:\/\/clauskostka.de\/files\/2014\/01\/links03.png\" alt=\"\" width=\"460\" height=\"345\" srcset=\"https:\/\/clauskostka.de\/files\/2014\/01\/links03.png 460w, https:\/\/clauskostka.de\/files\/2014\/01\/links03-300x225.png 300w\" sizes=\"auto, (max-width: 460px) 100vw, 460px\" \/><img loading=\"lazy\" decoding=\"async\" class=\"alignright wp-image-491 size-full\" src=\"https:\/\/clauskostka.de\/files\/2014\/01\/links01.png\" alt=\"\" width=\"460\" height=\"345\" srcset=\"https:\/\/clauskostka.de\/files\/2014\/01\/links01.png 460w, https:\/\/clauskostka.de\/files\/2014\/01\/links01-300x225.png 300w\" sizes=\"auto, (max-width: 460px) 100vw, 460px\" \/><\/p>\n<p><img loading=\"lazy\" decoding=\"async\" class=\"alignright wp-image-486 size-full\" src=\"https:\/\/clauskostka.de\/files\/2014\/01\/links02.png\" alt=\"\" width=\"460\" height=\"345\" srcset=\"https:\/\/clauskostka.de\/files\/2014\/01\/links02.png 460w, https:\/\/clauskostka.de\/files\/2014\/01\/links02-300x225.png 300w\" sizes=\"auto, (max-width: 460px) 100vw, 460px\" \/><\/p>\n<\/div>\n<p><\/p>","protected":false},"excerpt":{"rendered":"<p>DGfS Baden-W\u00fcrttemberg Deutsche Gesellschaft f\u00fcr Systemaufstellungen, Regionalgruppe Baden-W\u00fcrttemberg Formation Conseil Anne Grimault\u00a0 ist eine wunderbare Aikido Lehrerin Georg K\u00fchnl homepage des Beraters Georg K\u00fchnl Hohmpress Homepage eines kleinen, aber feinen US-Verlages INITA INITA gemeinn\u00fctzige GmbH Institut f\u00fcr angewandte Psychologie, Transaktionsanalyse und Erwachsenenbildung International Primal Association Die Homepage der International Primal Association anjakostka.de Homepage f\u00fcr Kunsttherapie [&hellip;]<\/p>\n","protected":false},"author":48,"featured_media":0,"parent":26,"menu_order":1,"comment_status":"open","ping_status":"open","template":"","meta":{"footnotes":""},"class_list":["post-472","page","type-page","status-publish","hentry"],"_links":{"self":[{"href":"https:\/\/clauskostka.de\/fr\/wp-json\/wp\/v2\/pages\/472","targetHints":{"allow":["GET"]}}],"collection":[{"href":"https:\/\/clauskostka.de\/fr\/wp-json\/wp\/v2\/pages"}],"about":[{"href":"https:\/\/clauskostka.de\/fr\/wp-json\/wp\/v2\/types\/page"}],"author":[{"embeddable":true,"href":"https:\/\/clauskostka.de\/fr\/wp-json\/wp\/v2\/users\/48"}],"replies":[{"embeddable":true,"href":"https:\/\/clauskostka.de\/fr\/wp-json\/wp\/v2\/comments?post=472"}],"version-history":[{"count":21,"href":"https:\/\/clauskostka.de\/fr\/wp-json\/wp\/v2\/pages\/472\/revisions"}],"predecessor-version":[{"id":1775,"href":"https:\/\/clauskostka.de\/fr\/wp-json\/wp\/v2\/pages\/472\/revisions\/1775"}],"up":[{"embeddable":true,"href":"https:\/\/clauskostka.de\/fr\/wp-json\/wp\/v2\/pages\/26"}],"wp:attachment":[{"href":"https:\/\/clauskostka.de\/fr\/wp-json\/wp\/v2\/media?parent=472"}],"curies":[{"name":"wp","href":"https:\/\/api.w.org\/{rel}","templated":true}]}}