{"id":1042,"date":"2013-12-03T18:22:51","date_gmt":"2013-12-03T16:22:51","guid":{"rendered":"http:\/\/wp11273961.server-he.de\/?page_id=4"},"modified":"2026-01-19T12:30:28","modified_gmt":"2026-01-19T11:30:28","slug":"home","status":"publish","type":"page","link":"https:\/\/clauskostka.de\/ro\/","title":{"rendered":"Home"},"content":{"rendered":"<p><\/p>\n<div class=\"ten columns\">\n<p><span class=\"red\">Bine a\u0163i venit pe pagina mea!<\/span><\/p>\n<p>M\u0103 numesc Claus Kostka. Sunt fericit c\u0103 pot sprijini oamenii s\u0103 fie cine sunt ei cu adev\u0103rat de aproape 37 de ani. Ce \u00eenseamn\u0103 asta? Sunt absolut convins c\u0103 fiecare dintre noi are un scop unic \u00een aceast\u0103 lume \u015fi c\u0103 fiecare fiin\u0163\u0103 uman\u0103 are poten\u0163ialul de a auzi, de a avea \u00eencredere \u015fi de a urma chemarea sufletului s\u0103u. Uneori, lucrurile prin care trecem ne devin mai degrab\u0103 o povar\u0103 dec\u00e2t un sprijin. \u201cRespira\u0163ia ad\u00e2nc\u0103 a sufletului\u201d, metoda dezvoltat\u0103 de mine \u00een 30 de ani, \u015fi \u201cSolu\u0163ii pentru suflet (lucrul cu constela\u0163iile sistemice)\u201d, sunt unelte excelente menite s\u0103 descopere vechi tipare \u015fi s\u0103 ne ajute s\u0103 renun\u0163\u0103m la ele. V\u0103 rog s\u0103 v\u0103 acorda\u0163i un moment pentru a \u00een\u021belege dac\u0103 programele mele va pot ajuta \u00een situa\u0163ia actual\u0103 de via\u0163\u0103 \u00een care v\u0103 afla\u0163i. Dac\u0103 ave\u0163i \u00eentreb\u0103ri, pur \u015fi simplu suna\u0163i \u015fi putem afla \u00eempreun\u0103.<br \/>\nCu drag,<br \/>\n<img loading=\"lazy\" decoding=\"async\" class=\"signature alignleft size-full wp-image-311\" src=\"https:\/\/clauskostka.de\/files\/2013\/12\/unterschrift_claus.png\" alt=\"\" width=\"93\" height=\"70\" \/> Claus Kostka<\/p>\n<\/div>\n<div class=\"six columns\">\n<div class=\"elastic-video\"><iframe loading=\"lazy\" width=\"560\" height=\"315\" src=\"https:\/\/www.youtube.com\/embed\/Vxx9tJ8W-7Q?si=-32mVywiqKjVpZMe\" title=\"YouTube video player\" frameborder=\"0\" allow=\"accelerometer; autoplay; clipboard-write; encrypted-media; gyroscope; picture-in-picture; web-share\" referrerpolicy=\"strict-origin-when-cross-origin\" allowfullscreen><\/iframe><\/div>\n<div class=\"six columns\"><img decoding=\"async\" style=\"width: 300px\" src=\"https:\/\/clauskostka.de\/files\/2026\/01\/DGfS_Lehrender_RGB-scaled.jpg\" \/><\/div>\n<div class=\"six columns\"><img decoding=\"async\" style=\"width: 300px\" src=\"\" \/><\/div>\n<\/div>\n<p><\/p>","protected":false},"excerpt":{"rendered":"<p>Bine a\u0163i venit pe pagina mea! M\u0103 numesc Claus Kostka. Sunt fericit c\u0103 pot sprijini oamenii s\u0103 fie cine sunt ei cu adev\u0103rat de aproape 37 de ani. Ce \u00eenseamn\u0103 asta? Sunt absolut convins c\u0103 fiecare dintre noi are un scop unic \u00een aceast\u0103 lume \u015fi c\u0103 fiecare fiin\u0163\u0103 uman\u0103 are poten\u0163ialul de a auzi, [&hellip;]<\/p>\n","protected":false},"author":48,"featured_media":0,"parent":0,"menu_order":1,"comment_status":"open","ping_status":"open","template":"","meta":{"footnotes":""},"class_list":["post-1042","page","type-page","status-publish","hentry"],"_links":{"self":[{"href":"https:\/\/clauskostka.de\/ro\/wp-json\/wp\/v2\/pages\/1042","targetHints":{"allow":["GET"]}}],"collection":[{"href":"https:\/\/clauskostka.de\/ro\/wp-json\/wp\/v2\/pages"}],"about":[{"href":"https:\/\/clauskostka.de\/ro\/wp-json\/wp\/v2\/types\/page"}],"author":[{"embeddable":true,"href":"https:\/\/clauskostka.de\/ro\/wp-json\/wp\/v2\/users\/48"}],"replies":[{"embeddable":true,"href":"https:\/\/clauskostka.de\/ro\/wp-json\/wp\/v2\/comments?post=1042"}],"version-history":[{"count":90,"href":"https:\/\/clauskostka.de\/ro\/wp-json\/wp\/v2\/pages\/1042\/revisions"}],"predecessor-version":[{"id":1969,"href":"https:\/\/clauskostka.de\/ro\/wp-json\/wp\/v2\/pages\/1042\/revisions\/1969"}],"wp:attachment":[{"href":"https:\/\/clauskostka.de\/ro\/wp-json\/wp\/v2\/media?parent=1042"}],"curies":[{"name":"wp","href":"https:\/\/api.w.org\/{rel}","templated":true}]}}