{"id":1044,"date":"2013-12-03T18:23:22","date_gmt":"2013-12-03T16:23:22","guid":{"rendered":"http:\/\/wp11273961.server-he.de\/?page_id=8"},"modified":"2015-07-17T10:04:44","modified_gmt":"2015-07-17T08:04:44","slug":"meine-intention","status":"publish","type":"page","link":"https:\/\/clauskostka.de\/ro\/hintergrund\/meine-intention","title":{"rendered":"Scopul meu"},"content":{"rendered":"<p><\/p>\n<div class=\"ten columns\">\n<p>Fiecare fiin\u0163\u0103 uman\u0103 este unic\u0103, \u00eentreag\u0103, complet\u0103. Noi nu mai trebuie s\u0103 realiz\u0103m nimic, deoarece tot ceea ce c\u0103ut\u0103m este deja acolo \u2013 pentru toat\u0103 lumea.<br \/>\nDe-a lungul istoriei noastre, adesea ne asum\u0103m o identitate bine croit\u0103, m\u00e2na\u0163i fiind de dorin\u0163a de a face fa\u0163\u0103 c\u00e2t mai bine circumstan\u0163elor \u015fi de a fi iubi\u0163i. Pre\u0163ul pe care \u00eel pl\u0103tim este pierderea originalit\u0103\u0163ii \u015fi a spontaneit\u0103\u0163ii. Aceast\u0103 presiune \u015fi lupta pe care o cre\u0103m noi \u00een\u015fine, o numim via\u0163\u0103. \u00cen \u00eencercarea de a suporta aceast\u0103 situa\u0163ie, \u00eencepem s\u0103 d\u0103m vina pe al\u0163ii pentru ceea ce ni se \u00eent\u00e2mpl\u0103 \u015fi \u00eencet\u0103m s\u0103 mai fim responsabili pentru propria crea\u0163ie.<br \/>\nCe \u00eenseamn\u0103 asta pentru noi la sf\u00e2r\u0219itul zilei: nu mai avem nici puterea \u015fi nici posibilitatea de a ne crea via\u0163a \u00een mod activ.<br \/>\nAici \u00eencepe munca noastr\u0103: \u00eemi doresc s\u0103 v\u0103 ajut s\u0103 afla\u0163i \u00een mod activ cine sunte\u0163i voi cu adev\u0103rat \u015fi cum pute\u0163i \u201creveni acas\u0103\u201d. Pornind pe calea terapeutic\u0103 ve\u0163i avea \u015fansa de a deosebi \u00eentre realitate \u015fi fals. \u00cen acela\u015fi timp, puterea voastr\u0103 va cre\u015fte \u015fi v\u0103 va da for\u0163a de a lua decizii diferite. \u00cencepe\u0163i s\u0103 v\u0103 crea\u0163i via\u0163a activ din nou, cu dedicare \u015fi iubire.<br \/>\nFolosesc un cocktail de metode \u015fi elemente terapeutice: psihoterapie corporal\u0103, respira\u0163ia ad\u00e2nc\u0103 a sufletului, constela\u0163ii familiale, terapie cathexis \u2013 pe care o modelez \u00een func\u0163ie de nevoile voastre.  Calitatea de participant la unul dintre seminariile mele v\u0103 ofer\u0103 de asemenea \u015fansa de a cunoa\u015fte oameni care au pornit \u00een aceea\u015fi c\u0103l\u0103torie ca \u015fi voi, dezvolt\u00e2nd, astfel, rela\u0163ii pe termen lung.<br \/>\nSunt fericit c\u0103 pot fi ghid pe o cale ce ofer\u0103 oamenilor \u015fansa de a se redescoperi \u015fi de a \u00eencepe s\u0103 str\u0103luceasc\u0103 din\u0103untru \u00een afar\u0103 din nou.<\/p>\n<\/div>\n<div class=\"six columns\">\n<p><img loading=\"lazy\" decoding=\"async\" src=\"http:\/\/planetcyborg.de\/blogs\/clauko\/files\/2013\/12\/Fotolia_3019945_S.png\" alt=\"\" width=\"460\" height=\"306\" class=\"aligncenter size-full wp-image-333\" srcset=\"https:\/\/clauskostka.de\/files\/2013\/12\/Fotolia_3019945_S.png 460w, https:\/\/clauskostka.de\/files\/2013\/12\/Fotolia_3019945_S-300x200.png 300w\" sizes=\"auto, (max-width: 460px) 100vw, 460px\" \/><\/p>\n<p><img loading=\"lazy\" decoding=\"async\" src=\"http:\/\/planetcyborg.de\/blogs\/clauko\/files\/2013\/12\/Fotolia_5064496_S.png\" alt=\"\" width=\"460\" height=\"499\" class=\"aligncenter size-full wp-image-336\" srcset=\"https:\/\/clauskostka.de\/files\/2013\/12\/Fotolia_5064496_S.png 460w, https:\/\/clauskostka.de\/files\/2013\/12\/Fotolia_5064496_S-277x300.png 277w\" sizes=\"auto, (max-width: 460px) 100vw, 460px\" \/><\/p>\n<\/div>\n<p><\/p>","protected":false},"excerpt":{"rendered":"<p>Fiecare fiin\u0163\u0103 uman\u0103 este unic\u0103, \u00eentreag\u0103, complet\u0103. Noi nu mai trebuie s\u0103 realiz\u0103m nimic, deoarece tot ceea ce c\u0103ut\u0103m este deja acolo \u2013 pentru toat\u0103 lumea. De-a lungul istoriei noastre, adesea ne asum\u0103m o identitate bine croit\u0103, m\u00e2na\u0163i fiind de dorin\u0163a de a face fa\u0163\u0103 c\u00e2t mai bine circumstan\u0163elor \u015fi de a fi iubi\u0163i. Pre\u0163ul [&hellip;]<\/p>\n","protected":false},"author":48,"featured_media":0,"parent":1043,"menu_order":1,"comment_status":"open","ping_status":"open","template":"","meta":{"footnotes":""},"class_list":["post-1044","page","type-page","status-publish","hentry"],"_links":{"self":[{"href":"https:\/\/clauskostka.de\/ro\/wp-json\/wp\/v2\/pages\/1044","targetHints":{"allow":["GET"]}}],"collection":[{"href":"https:\/\/clauskostka.de\/ro\/wp-json\/wp\/v2\/pages"}],"about":[{"href":"https:\/\/clauskostka.de\/ro\/wp-json\/wp\/v2\/types\/page"}],"author":[{"embeddable":true,"href":"https:\/\/clauskostka.de\/ro\/wp-json\/wp\/v2\/users\/48"}],"replies":[{"embeddable":true,"href":"https:\/\/clauskostka.de\/ro\/wp-json\/wp\/v2\/comments?post=1044"}],"version-history":[{"count":3,"href":"https:\/\/clauskostka.de\/ro\/wp-json\/wp\/v2\/pages\/1044\/revisions"}],"predecessor-version":[{"id":1132,"href":"https:\/\/clauskostka.de\/ro\/wp-json\/wp\/v2\/pages\/1044\/revisions\/1132"}],"up":[{"embeddable":true,"href":"https:\/\/clauskostka.de\/ro\/wp-json\/wp\/v2\/pages\/1043"}],"wp:attachment":[{"href":"https:\/\/clauskostka.de\/ro\/wp-json\/wp\/v2\/media?parent=1044"}],"curies":[{"name":"wp","href":"https:\/\/api.w.org\/{rel}","templated":true}]}}