{"id":1045,"date":"2013-12-03T18:23:33","date_gmt":"2013-12-03T16:23:33","guid":{"rendered":"http:\/\/wp11273961.server-he.de\/?page_id=10"},"modified":"2023-07-11T19:50:21","modified_gmt":"2023-07-11T17:50:21","slug":"biographie","status":"publish","type":"page","link":"https:\/\/clauskostka.de\/ro\/hintergrund\/biographie","title":{"rendered":"Biografie"},"content":{"rendered":"<p><\/p>\n<div class=\"ten columns\">\n<p><strong><span class=\"green\">Claus Kostka<\/span><\/strong><\/p>\n<ul class=\"custom\">\n<li>N\u0103scut \u00een 1955, c\u0103s\u0103torit, 4 copii<\/li>\n<li>Practicant non-medical de psihoterapie<\/li>\n<li>Terapeut prin art\u0103 (B.A.)<\/li>\n<li>Certificat european pentru psihoterapie (EAP\/DVP)<\/li>\n<li>Psihoterapeut specializat \u00een terapie corporal\u0103 (DGK\/EABP)<\/li>\n<li>Terapeut de familie (DGSF)<\/li>\n<li>Facilitator de constela\u021bii sistemice acreditat (DGfS)<\/li>\n<li>Psihoterapeut \u0219i formator acreditat \u00een Rom\u00e2nia (FRP\/SRAT)<\/li>\n<li>formator pentru constelati sistemice acreditat\u00a0 (DGfS)<\/li>\n<\/ul>\n<p><strong><span class=\"green\">Domenii principale de expertiz\u0103:<\/span><\/strong><\/p>\n<ul class=\"custom\">\n<li>Respira\u021bia ad\u00e2nc\u0103 a sufletului \/ lucru vindec\u0103tor cu respira\u021bia<\/li>\n<li>Psihoterapie corporal\u0103<\/li>\n<li>Solu\u021bii pentru suflet \/ constela\u021bii sistemice<\/li>\n<li>Re-parenting (Cathexis, conf. Schiff)<\/li>\n<li>Terapie prin art\u0103<\/li>\n<li>Consiliere de cuplu<\/li>\n<li>Supraveghere<\/li>\n<li>Consiliere<\/li>\n<\/ul>\n<\/div>\n<div class=\"six columns\"><a href=\"https:\/\/clauskostka.de\/files\/2021\/12\/Claus-8-1.jpg\"><img loading=\"lazy\" decoding=\"async\" class=\"aligncenter wp-image-1724 size-full\" src=\"https:\/\/clauskostka.de\/files\/2021\/12\/Claus-8-1.jpg\" alt=\"\" width=\"460\" height=\"613\" srcset=\"https:\/\/clauskostka.de\/files\/2021\/12\/Claus-8-1.jpg 460w, https:\/\/clauskostka.de\/files\/2021\/12\/Claus-8-1-225x300.jpg 225w\" sizes=\"auto, (max-width: 460px) 100vw, 460px\" \/><\/a><\/div>\n<p><\/p>","protected":false},"excerpt":{"rendered":"<p>Claus Kostka N\u0103scut \u00een 1955, c\u0103s\u0103torit, 4 copii Practicant non-medical de psihoterapie Terapeut prin art\u0103 (B.A.) Certificat european pentru psihoterapie (EAP\/DVP) Psihoterapeut specializat \u00een terapie corporal\u0103 (DGK\/EABP) Terapeut de familie (DGSF) Facilitator de constela\u021bii sistemice acreditat (DGfS) Psihoterapeut \u0219i formator acreditat \u00een Rom\u00e2nia (FRP\/SRAT) formator pentru constelati sistemice acreditat\u00a0 (DGfS) Domenii principale de expertiz\u0103: Respira\u021bia [&hellip;]<\/p>\n","protected":false},"author":48,"featured_media":0,"parent":1043,"menu_order":2,"comment_status":"open","ping_status":"open","template":"","meta":{"footnotes":""},"class_list":["post-1045","page","type-page","status-publish","hentry"],"_links":{"self":[{"href":"https:\/\/clauskostka.de\/ro\/wp-json\/wp\/v2\/pages\/1045","targetHints":{"allow":["GET"]}}],"collection":[{"href":"https:\/\/clauskostka.de\/ro\/wp-json\/wp\/v2\/pages"}],"about":[{"href":"https:\/\/clauskostka.de\/ro\/wp-json\/wp\/v2\/types\/page"}],"author":[{"embeddable":true,"href":"https:\/\/clauskostka.de\/ro\/wp-json\/wp\/v2\/users\/48"}],"replies":[{"embeddable":true,"href":"https:\/\/clauskostka.de\/ro\/wp-json\/wp\/v2\/comments?post=1045"}],"version-history":[{"count":16,"href":"https:\/\/clauskostka.de\/ro\/wp-json\/wp\/v2\/pages\/1045\/revisions"}],"predecessor-version":[{"id":1833,"href":"https:\/\/clauskostka.de\/ro\/wp-json\/wp\/v2\/pages\/1045\/revisions\/1833"}],"up":[{"embeddable":true,"href":"https:\/\/clauskostka.de\/ro\/wp-json\/wp\/v2\/pages\/1043"}],"wp:attachment":[{"href":"https:\/\/clauskostka.de\/ro\/wp-json\/wp\/v2\/media?parent=1045"}],"curies":[{"name":"wp","href":"https:\/\/api.w.org\/{rel}","templated":true}]}}