{"id":134,"date":"2013-12-16T13:30:21","date_gmt":"2013-12-16T11:30:21","guid":{"rendered":"http:\/\/wp11273961.server-he.de\/?page_id=134"},"modified":"2015-07-17T12:22:59","modified_gmt":"2015-07-17T10:22:59","slug":"impressum","status":"publish","type":"page","link":"https:\/\/clauskostka.de\/ro\/impressum","title":{"rendered":"Imprimare"},"content":{"rendered":"<p>&lt;div class=&quot;eight columns&quot;Responsabil pentru con\u021binutul acestui site este: Anbieterkennzeichnung nach \u00a76 des Teledienstegesetz (TDG)<\/p>\n<p>\u2028\u2028Claus Kostka\u2028<br \/>\nBrunnenstr. 4\u2028<br \/>\n79312 Emmendingen\u2028\u2028<br \/>\n+49(0)7641-935068<br \/>\norganisation@clauskostka.de\n<\/p><\/div>\n<div class=\"eight columns\">\n<strong>Disclaimer<\/strong><\/p>\n<p>Conform deciziei din 12 mai 1998 \u2013 312 O 85\/98 \u2013 \u201cresponsabilitatea pentru link-uri\u201d, tribunalul de la Hamburg a decis c\u0103, prin afi\u015farea unui link c\u0103tre o alt\u0103 pagin\u0103, v\u0103 face\u0163i responsabil de con\u0163inutul website-urilor conectate. Acest lucru poate fi prevenit prin neangajare fa\u0163\u0103 de con\u0163inutul acelor website-uri. Prin prezenta, declar\u0103m c\u0103 nu ne asum\u0103m r\u0103spunderea pentru con\u0163inutul acestora \u015fi c\u0103 p\u0103str\u0103m distan\u0163a formal fa\u0163\u0103 de con\u0163inutul site-urilor c\u0103tre care am postat link-uri.<\/p>\n<\/div>\n<p><\/p>","protected":false},"excerpt":{"rendered":"<p>&lt;div class=&quot;eight columns&quot;Responsabil pentru con\u021binutul acestui site este: Anbieterkennzeichnung nach \u00a76 des Teledienstegesetz (TDG) \u2028\u2028Claus Kostka\u2028 Brunnenstr. 4\u2028 79312 Emmendingen\u2028\u2028 +49(0)7641-935068 organisation@clauskostka.de Disclaimer Conform deciziei din 12 mai 1998 \u2013 312 O 85\/98 \u2013 \u201cresponsabilitatea pentru link-uri\u201d, tribunalul de la Hamburg a decis c\u0103, prin afi\u015farea unui link c\u0103tre o alt\u0103 pagin\u0103, v\u0103 face\u0163i responsabil [&hellip;]<\/p>\n","protected":false},"author":48,"featured_media":0,"parent":0,"menu_order":8,"comment_status":"open","ping_status":"open","template":"","meta":{"footnotes":""},"class_list":["post-134","page","type-page","status-publish","hentry"],"_links":{"self":[{"href":"https:\/\/clauskostka.de\/ro\/wp-json\/wp\/v2\/pages\/134","targetHints":{"allow":["GET"]}}],"collection":[{"href":"https:\/\/clauskostka.de\/ro\/wp-json\/wp\/v2\/pages"}],"about":[{"href":"https:\/\/clauskostka.de\/ro\/wp-json\/wp\/v2\/types\/page"}],"author":[{"embeddable":true,"href":"https:\/\/clauskostka.de\/ro\/wp-json\/wp\/v2\/users\/48"}],"replies":[{"embeddable":true,"href":"https:\/\/clauskostka.de\/ro\/wp-json\/wp\/v2\/comments?post=134"}],"version-history":[{"count":1,"href":"https:\/\/clauskostka.de\/ro\/wp-json\/wp\/v2\/pages\/134\/revisions"}],"predecessor-version":[{"id":1186,"href":"https:\/\/clauskostka.de\/ro\/wp-json\/wp\/v2\/pages\/134\/revisions\/1186"}],"wp:attachment":[{"href":"https:\/\/clauskostka.de\/ro\/wp-json\/wp\/v2\/media?parent=134"}],"curies":[{"name":"wp","href":"https:\/\/api.w.org\/{rel}","templated":true}]}}