{"id":139,"date":"2013-12-16T13:40:57","date_gmt":"2013-12-16T11:40:57","guid":{"rendered":"http:\/\/wp11273961.server-he.de\/?page_id=139"},"modified":"2015-07-17T12:23:41","modified_gmt":"2015-07-17T10:23:41","slug":"teilnahmebedingungen","status":"publish","type":"page","link":"https:\/\/clauskostka.de\/ro\/teilnahmebedingungen","title":{"rendered":"Termeni \u0218i Condi\u021bii"},"content":{"rendered":"<p><\/p>\n<div class=\"sixteen columns\">\n<ol>\n<li>V\u0103 pute\u0163i \u00eenregistra la seminar \u00een termen de p\u00e2n\u0103 la dou\u0103 zile \u00eenainte de \u00eenceperea acestuia.<\/li>\n<li>V\u0103 putem oferi o garan\u0163ie pentru ocuparea locului dup\u0103 ce primim formularul completat \u015fi plata a 50% din costul seminarului.<\/li>\n<li>Restul pl\u0103\u0163ii trebuie efectuat \u00een numerar \u00een prima zi a seminarului.<\/li>\n<li>Dac\u0103 locurile la seminar sunt complet ocupate, v\u0103 vom anun\u0163a imediat \u015fi v\u0103 vom informa care este pozi\u0163ia dumneavoastr\u0103 pe lista de a\u015fteptare.<\/li>\n<li>\u00cen caz de anulare cu 30 de zile \u00eenainte de seminar: vi se vor returna banii de avans, mai pu\u0163in 30 de Euro, taxe administrative<\/li>\n<li>\u00cen caz de anulare cu 15-30 \u00eenainte de seminar: vi se vor returna banii numai dac\u0103 g\u0103si\u0163i un participant care s\u0103 va ia locul<\/li>\n<li>\u00cen caz de anulare cu 15 zile \u00eenainte de seminar: datora\u0163i plata integral\u0103, cu excep\u0163ia cazului c\u0103 g\u0103si\u0163i un \u00eenlocuitor (sau avem pe cineva pe lista de a\u015fteptare)<\/li>\n<li>Pute\u0163i s\u0103 v\u0103 cump\u0103ra\u0163i o asigurare de  anulare aici www.seminar-versicherung.de.<\/li>\n<li>La cerere eliber\u0103m certificat de participare.<\/li>\n<li>Seminarul \u00eencepe \u00een prima zi la ora 19:00 (7 seara) \u015fi se termin\u0103 \u00een ultima zi la 17:00 (5 dup\u0103-amiaza), dac\u0103 nu v\u0103 indic\u0103m alt\u0103 or\u0103.<\/li>\n<li>Participarea dumneavoastr\u0103 este voluntar\u0103. Fiecare participant este responsabil de bun\u0103starea proprie \u015fi de ac\u0163iunile sale \u00een\u0103untrul sau \u00een afara spa\u0163iului seminarului. Nu ne asum\u0103m r\u0103spunderea pentru bunurile sau pentru bun\u0103starea dumneavoastr\u0103.<\/li>\n<li>Dac\u0103 urma\u0163i \u00een prezent un tratament medical sau psihologic, v\u0103 rug\u0103m s\u0103 discuta\u0163i despre participarea dumneavoastr\u0103 cu terapeutul  \u015fi de asemenea s\u0103 ne informa\u0163i \u015fi pe noi.<\/li>\n<li>Seminariile nu sunt menite s\u0103 \u00eenlocuiasc\u0103 terapia de lung\u0103 durat\u0103 sau tratamentul psihiatric. \u00cen caz c\u0103 nu sunte\u0163i siguri cum s\u0103 proceda\u021bi, v\u0103 rug\u0103m s\u0103 discuta\u0163i cu noi \u00eenainte de a v\u0103 \u00eenregistra.<\/li>\n<\/ol>\n<\/div>\n<p><\/p>","protected":false},"excerpt":{"rendered":"<p>V\u0103 pute\u0163i \u00eenregistra la seminar \u00een termen de p\u00e2n\u0103 la dou\u0103 zile \u00eenainte de \u00eenceperea acestuia. V\u0103 putem oferi o garan\u0163ie pentru ocuparea locului dup\u0103 ce primim formularul completat \u015fi plata a 50% din costul seminarului. Restul pl\u0103\u0163ii trebuie efectuat \u00een numerar \u00een prima zi a seminarului. Dac\u0103 locurile la seminar sunt complet ocupate, v\u0103 [&hellip;]<\/p>\n","protected":false},"author":48,"featured_media":0,"parent":0,"menu_order":9,"comment_status":"open","ping_status":"open","template":"","meta":{"footnotes":""},"class_list":["post-139","page","type-page","status-publish","hentry"],"_links":{"self":[{"href":"https:\/\/clauskostka.de\/ro\/wp-json\/wp\/v2\/pages\/139","targetHints":{"allow":["GET"]}}],"collection":[{"href":"https:\/\/clauskostka.de\/ro\/wp-json\/wp\/v2\/pages"}],"about":[{"href":"https:\/\/clauskostka.de\/ro\/wp-json\/wp\/v2\/types\/page"}],"author":[{"embeddable":true,"href":"https:\/\/clauskostka.de\/ro\/wp-json\/wp\/v2\/users\/48"}],"replies":[{"embeddable":true,"href":"https:\/\/clauskostka.de\/ro\/wp-json\/wp\/v2\/comments?post=139"}],"version-history":[{"count":1,"href":"https:\/\/clauskostka.de\/ro\/wp-json\/wp\/v2\/pages\/139\/revisions"}],"predecessor-version":[{"id":1188,"href":"https:\/\/clauskostka.de\/ro\/wp-json\/wp\/v2\/pages\/139\/revisions\/1188"}],"wp:attachment":[{"href":"https:\/\/clauskostka.de\/ro\/wp-json\/wp\/v2\/media?parent=139"}],"curies":[{"name":"wp","href":"https:\/\/api.w.org\/{rel}","templated":true}]}}