{"id":157,"date":"2013-12-17T18:19:45","date_gmt":"2013-12-17T16:19:45","guid":{"rendered":"http:\/\/wp11273961.server-he.de\/?page_id=157"},"modified":"2015-07-17T10:39:01","modified_gmt":"2015-07-17T08:39:01","slug":"ueber-soulutions","status":"publish","type":"page","link":"https:\/\/clauskostka.de\/ro\/termine\/soulutions\/ueber-soulutions","title":{"rendered":"Despre Constelatii de familie"},"content":{"rendered":"<p><\/p>\n<div class=\"ten columns\">\nSeminarul Constela\u021bia Familiei este creat pentru persoane sau cupluri care doresc s\u0103-\u015fi rezolve probleme de via\u0163\u0103 importante \u015fi care caut\u0103 o baz\u0103 liber\u0103 pentru evolu\u0163ia existen\u0163ei lor.  Participan\u0163ii vor avea experien\u0163e revelatoare \u0219i vor primi solu\u021bii profunde legate de natura bolilor, a problemelor personale \u015fi a rela\u0163iilor \u00eentre genera\u0163ii.<\/p>\n<p>Fiecare dintre noi tr\u0103ie\u015fte \u00eentr-un sistem familial. Acest sistem este format din diver\u015fi oameni: partenerii de cuplu, copiii, p\u0103rin\u0163ii si toate celelalte genera\u0163ii dinainte care ne dau mo\u015ftenirea cultural\u0103 individual\u0103.<br \/>\nO mare parte din suferin\u021ba noastr\u0103 este legat\u0103 \u00een mod direct de evenimentele petrecute \u00een trecutul familiilor noastre \u0219i de ac\u021biunile str\u0103bunilor no\u0219tri. Este important s\u0103 vedem c\u0103 familia e un sistem care are nevoie de echilibru \u015fi iubire pentru a \u00eenflori, exact ca \u0219i natura.<\/p>\n<p>Atunci c\u00e2nd ordinea dragostei \u00eentr-o familie este \u00eentrerupt\u0103, genera\u0163iile care urmeaz\u0103 sufer\u0103 \u0219i pot deveni prizoniere \u00eentr-un  destin care nu este \u00een realitate al lor \u015fi care \u00eei opre\u015fte din a-\u015fi urma adev\u0103rata lor via\u0163\u0103. Ne putem afla \u00een aceast\u0103 situa\u0163ie f\u0103r\u0103 s\u0103 vedem acest lucru \u015fi f\u0103r\u0103 s\u0103 \u00een\u0163elegem c\u0103 repet\u0103m destinul altor membri din familia noastr\u0103.<\/p>\n<p>At\u00e2t timp c\u00e2t nu ne vom reg\u0103si pe noi \u00een\u015fine \u0219i &#8222;propria noastr\u0103 via\u021b\u0103&#8221;, nu vom reu\u015fi s\u0103 ne dezvolt\u0103m c\u0103tre \u00eentregul nostru poten\u0163ial \u00eentr-un mod satisf\u0103c\u0103tor, nu vom tr\u0103i \u00een armonie cu sufletul nostru \u015fi nu vom avea lini\u015fte interioar\u0103. Seminarul \u201cConstela\u0163ia Familiei\u201c ne ofer\u0103 posibilitatea de a ne opri din cercul nesf\u00e2r\u015fit al ac\u0163iunilor pe care le repet\u0103m, de\u015fi \u015ftim c\u0103 nu ar trebui s\u0103 o facem.<\/p>\n<p><span class=\"red\">Beneficiile seminarului:<\/span><\/p>\n<p>Seminariile atelier \u201cConstela\u021bia Familiei\u201c se adreseaz\u0103 celor care doresc s\u0103 aduc\u0103 mai mult\u0103 armonie \u0219i echilibru \u00een via\u021ba lor, astfel:<\/p>\n<ul class=\"custom\">\n<li> s\u0103 rezolve ne\u00een\u0163elegeri, blocaje din familie, din cuplu sau din alte rela\u0163ii;<\/li>\n<li>s\u0103 opreasc\u0103 ciclul \u00eenstr\u0103in\u0103rii, abuzului, violen\u021bei \u015fi altor disfunc\u0163ionalit\u0103\u0163i din familie;<\/li>\n<li> s\u0103 lucreze cu dificult\u0103\u0163i legate de cre\u015fterea copiilor sau situa\u0163ii de familie dureroase (divor\u0163,<br \/>\n      p\u0103rinte unic, pierdere de sarcin\u0103, infertilitate, avort, adop\u0163ie\/custodie);<\/li>\n<li>s\u0103 descopere motivele de suferin\u0163\u0103 fizic\u0103 \u015fi emo\u0163ional\u0103 \u015fi s\u0103 \u00eenceap\u0103 procesul de vindecare<br \/>\n      (ex. migrene, astm, dezordini alimentare, depresii, fobii, atacuri de panic\u0103, tendin\u0163e de<br \/>\n      sinucidere, droguri, abuz de alcool);<\/li>\n<li>s\u0103 lucreze asupra conflictelor profesionale existente \u00een via\u0163a lor;<\/li>\n<li>s\u0103-\u0219i g\u0103seasc\u0103 echilibrul \u00een situa\u021bii limit\u0103, boli grave sau moarte;<\/li>\n<li> s\u0103-\u0219i g\u0103seasc\u0103 locul lor potrivit \u00een via\u0163\u0103;<\/li>\n<\/ul>\n<p>Cum se desf\u0103\u015foar\u0103 seminarul:<\/p>\n<p>\u00cen acest seminar fiecare participant care va dori s\u0103 lucreze asupra familiei sale va fi \u00eentrebat care este dorin\u0163a inimii sale. Nu avem nevoie de multe informa\u0163ii. Terapeutul va pune c\u00e2teva \u00eentreb\u0103ri biografice, despre p\u0103rin\u021bi, bunici, parteneri sau situa\u021bii, \u00een func\u021bie de ceea ce a ales participantul s\u0103 lucreze. Apoi participantul va alege alte persoane din seminar pentru a reprezenta diver\u015fi membri ai familiei sale. El\/ea \u00eei va pozi\u0163iona intuitiv \u00een spa\u0163iu. Odat\u0103 ce sunt pozi\u021biona\u021bi ei \u00eencep s\u0103 se conecteze cu &#8216;c\u00e2mpul universal&#8217; \u0219i vor ac\u021biona ca \u0219i cum energetic ei cunosc persoanele care le reprezint\u0103. Dac\u0103 unii reprezentan\u0163i nu se vor sim\u0163i bine \u00een pozi\u0163iile lor, aceasta poate fi o indica\u0163ie c\u0103 sistemul nu este armonios.<\/p>\n<p>Terapeutul va repozi\u0163iona \u00een spa\u021biu \u00eencet, cu mare grij\u0103 \u015fi cu respect reprezentan\u0163ii membrilor familiei p\u00e2n\u0103 c\u00e2nd o solu\u021bie va fi g\u0103sit\u0103. \u00cen acest caz o solu\u021bie \u00eenseamn\u0103 c\u0103 to\u021bi membrii se vor sim\u0163i la locul lor \u0219i relaxa\u021bi. \u00centregul grup va avea experien\u0163a acestei solu\u0163ii ca fiind ceva impresionant \u015fi transformator. Unele expresii verbale arhetipale \u0219i actiuni vor fi propuse de terapeut pentru a sprijini ca procesul de reconciliere s\u0103 se \u00eent\u00e2mple. Acesta este momentul c\u00e2nd sufletul \u00eencepe s\u0103 danseze \u0219i s\u0103 c\u00e2nte din nou.<\/p>\n<p>C\u00e2nd armonia este readus\u0103 \u00een sistemul familial, experien\u0163a profund\u0103 este ca atunci c\u00e2nd spui din toata inima: \u201dA\u015fa este bine pentru mine!\u201d.<\/p>\n<p>Studiile f\u0103cute de-a lungul timpului \u00een astfel de seminarii desf\u0103\u015furate \u00een toat\u0103 lumea au ar\u0103tat o posibilitate uimitoare, care ar trebui atent studiat\u0103: dragostea urmeaz\u0103 acelea\u015fi legi indiferent de cultura \u00een care te-ai n\u0103scut, european\u0103, asiatic\u0103, islamic\u0103 sau african\u0103.<\/p>\n<p>Aceste evenimente se adreseaz\u0103 de asemenea \u0219i terapeu\u0163ilor, psihologilor, asisten\u0163ilor sociali, doctorilor, celor care profeseaz\u0103 \u00een domeniul s\u0103n\u0103t\u0103\u0163ii, care vor avea ocazia s\u0103-\u015fi dezvolte actul profesional prin aceast\u0103 metod\u0103 eficient\u0103.<\/p>\n<\/div>\n<div class=\"six columns\">\n<img loading=\"lazy\" decoding=\"async\" src=\"http:\/\/planetcyborg.de\/blogs\/clauko\/files\/2013\/12\/Claus_sept2011-048.png\" alt=\"\" width=\"460\" height=\"345\" class=\"alignright size-full wp-image-479\" srcset=\"https:\/\/clauskostka.de\/files\/2013\/12\/Claus_sept2011-048.png 460w, https:\/\/clauskostka.de\/files\/2013\/12\/Claus_sept2011-048-300x225.png 300w\" sizes=\"auto, (max-width: 460px) 100vw, 460px\" \/><\/p>\n<p><img loading=\"lazy\" decoding=\"async\" src=\"http:\/\/planetcyborg.de\/blogs\/clauko\/files\/2013\/12\/Claus_sept2011-054.png\" alt=\"\" width=\"460\" height=\"345\" class=\"alignright size-full wp-image-480\" srcset=\"https:\/\/clauskostka.de\/files\/2013\/12\/Claus_sept2011-054.png 460w, https:\/\/clauskostka.de\/files\/2013\/12\/Claus_sept2011-054-300x225.png 300w\" sizes=\"auto, (max-width: 460px) 100vw, 460px\" \/><\/p>\n<p><img loading=\"lazy\" decoding=\"async\" src=\"http:\/\/planetcyborg.de\/blogs\/clauko\/files\/2013\/12\/Claus_sept2011-077.png\" alt=\"\" width=\"460\" height=\"345\" class=\"alignright size-full wp-image-481\" srcset=\"https:\/\/clauskostka.de\/files\/2013\/12\/Claus_sept2011-077.png 460w, https:\/\/clauskostka.de\/files\/2013\/12\/Claus_sept2011-077-300x225.png 300w\" sizes=\"auto, (max-width: 460px) 100vw, 460px\" \/>\n<\/div>\n<p><\/p>","protected":false},"excerpt":{"rendered":"<p>Seminarul Constela\u021bia Familiei este creat pentru persoane sau cupluri care doresc s\u0103-\u015fi rezolve probleme de via\u0163\u0103 importante \u015fi care caut\u0103 o baz\u0103 liber\u0103 pentru evolu\u0163ia existen\u0163ei lor. Participan\u0163ii vor avea experien\u0163e revelatoare \u0219i vor primi solu\u021bii profunde legate de natura bolilor, a problemelor personale \u015fi a rela\u0163iilor \u00eentre genera\u0163ii. Fiecare dintre noi tr\u0103ie\u015fte \u00eentr-un sistem [&hellip;]<\/p>\n","protected":false},"author":48,"featured_media":0,"parent":16,"menu_order":1,"comment_status":"open","ping_status":"open","template":"","meta":{"footnotes":""},"class_list":["post-157","page","type-page","status-publish","hentry"],"_links":{"self":[{"href":"https:\/\/clauskostka.de\/ro\/wp-json\/wp\/v2\/pages\/157","targetHints":{"allow":["GET"]}}],"collection":[{"href":"https:\/\/clauskostka.de\/ro\/wp-json\/wp\/v2\/pages"}],"about":[{"href":"https:\/\/clauskostka.de\/ro\/wp-json\/wp\/v2\/types\/page"}],"author":[{"embeddable":true,"href":"https:\/\/clauskostka.de\/ro\/wp-json\/wp\/v2\/users\/48"}],"replies":[{"embeddable":true,"href":"https:\/\/clauskostka.de\/ro\/wp-json\/wp\/v2\/comments?post=157"}],"version-history":[{"count":2,"href":"https:\/\/clauskostka.de\/ro\/wp-json\/wp\/v2\/pages\/157\/revisions"}],"predecessor-version":[{"id":1141,"href":"https:\/\/clauskostka.de\/ro\/wp-json\/wp\/v2\/pages\/157\/revisions\/1141"}],"up":[{"embeddable":true,"href":"https:\/\/clauskostka.de\/ro\/wp-json\/wp\/v2\/pages\/16"}],"wp:attachment":[{"href":"https:\/\/clauskostka.de\/ro\/wp-json\/wp\/v2\/media?parent=157"}],"curies":[{"name":"wp","href":"https:\/\/api.w.org\/{rel}","templated":true}]}}