{"id":22,"date":"2013-12-03T18:25:42","date_gmt":"2013-12-03T16:25:42","guid":{"rendered":"http:\/\/wp11273961.server-he.de\/?page_id=22"},"modified":"2026-02-24T11:46:12","modified_gmt":"2026-02-24T10:46:12","slug":"weiterbildung-in-systemischer-aufstellungsarbeit","status":"publish","type":"page","link":"https:\/\/clauskostka.de\/ro\/ausbildung\/weiterbildung-in-systemischer-aufstellungsarbeit","title":{"rendered":"Program de instruire calificata in Constelatii de familie"},"content":{"rendered":"<p><\/p>\n<div id=\"dgfs\" class=\"weiterbildung\"><\/div>\n<div class=\"ten columns\"><span class=\"green\">\u201cAtata vreme cat stramosii nostri sufera inauntrul nostru, nu putem fi cu adevarat fericiti. Daca facem un pas in mod constient, atingand pamantul liberi si fericiti, facem acest lucru pentru toate generatiile trecute si viitoare. Toate sosesc in acelasi timp cu noi, si cu totii ne gasim fericirea in acelasi timp.\u201d<\/span><br \/>\n<em>Thich Nhat Hahn<\/em><br \/>\n&nbsp;<\/div>\n<div><\/div>\n<div class=\"ten columns\">\n<p>Din 2014 sunt formator \u0219i terapeut recunoscut al Societ\u0103\u021bii Germane pentru Constelatii Sistemice.<\/p>\n<p>\u00cen prezent, ofer cursuri de formare continu\u0103 \u00een Germania, Fran\u021ba \u0219i Rom\u00e2nia.<\/p>\n<p>Formarea continu\u0103 dureaz\u0103 2 ani \u0219i const\u0103 \u00een opt module de patru zile, 5 cursuri online de sear\u0103 \u0219i un weekend de absolvire.<\/p>\n<p>La sf\u00e2r\u0219itul form\u0103rii continue, fiecare participant prime\u0219te o adeverin\u021b\u0103 de participare. Dup\u0103 \u00eenc\u0103 un an de supervizare, eliberez o adeverin\u021b\u0103 care atest\u0103 c\u0103 participantul\/participanta este capabil\/capabil\u0103 s\u0103 conduc\u0103 constellatii sistemice responsabile \u0219i con\u0219tiincioase.<\/p>\n<p>O nou\u0103 formare profesional\u0103 este planificat\u0103 pentru sf\u00e2r\u0219itul anului 2027.<\/p>\n<p>Pentru mai multe informa\u021bii, v\u0103 rug\u0103m s\u0103 contacta\u021bi:<\/p>\n<p>Costurile pentru formarea profesional\u0103 se ridic\u0103 \u00een prezent la 5200,00 euro. Cazarea \u0219i masa nu sunt incluse.<\/p>\n<p>Sunt oferite diferite modalit\u0103\u021bi de plat\u0103.<\/p>\n<p>contact: Adriana Zainea, acenescu@yahoo.com<\/p>\n<p>Oltea Tudose, oltea.tudose789@gmail.com<\/p>\n<p>&nbsp;<\/p>\n<p><span class=\"red\">Curriculum:<\/span><\/p>\n<ul>\n<li>Prima intalnire<br \/>\nConstientizarea de sine si date despre familie si constientizarea sinelui<\/li>\n<li>A doua intalnire<br \/>\nBazele constelatiilor si constelatii si psihoterapia orientata spre corp<\/li>\n<li>A treia intalnire<br \/>\nConstelatii si terapia individuala<\/li>\n<li>A patra intalnire<\/li>\n<li>Constelatii si traume<\/li>\n<li>A cincea intalnire<\/li>\n<li>Teorie si practica diverselor forme ale constelatiilor si dinamici speciale sub supraveghere<\/li>\n<li>Al saselea weekend<br \/>\nConstientizarea sinelui si constelatii sub supraveghere<\/li>\n<li>Al saptelea weekend<\/li>\n<li>Mentalitatea fenomenologica, rolul conducatorului, constelatii experimentale sub supraveghere<\/li>\n<li>Al optulea weekend<br \/>\nDinamici speciale sub supraveghere, intrebari deschise, constelatii sub supraveghere<\/li>\n<li>A noua intalnire<\/li>\n<li>weekenduri de absolvire, certificate<\/li>\n<\/ul>\n<p><a href=\"https:\/\/constelatiisistemicedefamilie.ro\/\" target=\"_blank\" class=\"button fadeColor\">Cite\u0219te mai mult\u2026<\/a><\/p>\n<\/div>\n<div class=\"six columns\">\n<p><img loading=\"lazy\" decoding=\"async\" class=\"alignright wp-image-255 size-full\" src=\"https:\/\/clauskostka.de\/files\/2013\/12\/Fotolia_863119_S.png\" alt=\"\" width=\"460\" height=\"647\" srcset=\"https:\/\/clauskostka.de\/files\/2013\/12\/Fotolia_863119_S.png 460w, https:\/\/clauskostka.de\/files\/2013\/12\/Fotolia_863119_S-213x300.png 213w\" sizes=\"auto, (max-width: 460px) 100vw, 460px\" \/><img loading=\"lazy\" decoding=\"async\" class=\"alignright wp-image-479 size-full\" src=\"https:\/\/clauskostka.de\/files\/2013\/12\/Claus_sept2011-048.png\" alt=\"\" width=\"460\" height=\"345\" srcset=\"https:\/\/clauskostka.de\/files\/2013\/12\/Claus_sept2011-048.png 460w, https:\/\/clauskostka.de\/files\/2013\/12\/Claus_sept2011-048-300x225.png 300w\" sizes=\"auto, (max-width: 460px) 100vw, 460px\" \/><\/p>\n<p><img loading=\"lazy\" decoding=\"async\" class=\"alignright wp-image-482 size-full\" src=\"https:\/\/clauskostka.de\/files\/2013\/12\/Claus_sept2011-089.png\" alt=\"\" width=\"460\" height=\"345\" srcset=\"https:\/\/clauskostka.de\/files\/2013\/12\/Claus_sept2011-089.png 460w, https:\/\/clauskostka.de\/files\/2013\/12\/Claus_sept2011-089-300x225.png 300w\" sizes=\"auto, (max-width: 460px) 100vw, 460px\" \/><\/p>\n<\/div>\n<p><\/p>","protected":false},"excerpt":{"rendered":"<p>\u201cAtata vreme cat stramosii nostri sufera inauntrul nostru, nu putem fi cu adevarat fericiti. Daca facem un pas in mod constient, atingand pamantul liberi si fericiti, facem acest lucru pentru toate generatiile trecute si viitoare. Toate sosesc in acelasi timp cu noi, si cu totii ne gasim fericirea in acelasi timp.\u201d Thich Nhat Hahn &nbsp; [&hellip;]<\/p>\n","protected":false},"author":48,"featured_media":0,"parent":20,"menu_order":1,"comment_status":"open","ping_status":"open","template":"","meta":{"footnotes":""},"class_list":["post-22","page","type-page","status-publish","hentry"],"_links":{"self":[{"href":"https:\/\/clauskostka.de\/ro\/wp-json\/wp\/v2\/pages\/22","targetHints":{"allow":["GET"]}}],"collection":[{"href":"https:\/\/clauskostka.de\/ro\/wp-json\/wp\/v2\/pages"}],"about":[{"href":"https:\/\/clauskostka.de\/ro\/wp-json\/wp\/v2\/types\/page"}],"author":[{"embeddable":true,"href":"https:\/\/clauskostka.de\/ro\/wp-json\/wp\/v2\/users\/48"}],"replies":[{"embeddable":true,"href":"https:\/\/clauskostka.de\/ro\/wp-json\/wp\/v2\/comments?post=22"}],"version-history":[{"count":65,"href":"https:\/\/clauskostka.de\/ro\/wp-json\/wp\/v2\/pages\/22\/revisions"}],"predecessor-version":[{"id":2008,"href":"https:\/\/clauskostka.de\/ro\/wp-json\/wp\/v2\/pages\/22\/revisions\/2008"}],"up":[{"embeddable":true,"href":"https:\/\/clauskostka.de\/ro\/wp-json\/wp\/v2\/pages\/20"}],"wp:attachment":[{"href":"https:\/\/clauskostka.de\/ro\/wp-json\/wp\/v2\/media?parent=22"}],"curies":[{"name":"wp","href":"https:\/\/api.w.org\/{rel}","templated":true}]}}