{"id":456,"date":"2014-01-04T11:12:19","date_gmt":"2014-01-04T09:12:19","guid":{"rendered":"http:\/\/wp11273961.server-he.de\/?page_id=456"},"modified":"2019-01-30T16:22:57","modified_gmt":"2019-01-30T15:22:57","slug":"ueber-deep-soulbreathing","status":"publish","type":"page","link":"https:\/\/clauskostka.de\/ro\/termine\/deep-soulbreathing\/ueber-deep-soulbreathing","title":{"rendered":"Despre Respiratia sufletului"},"content":{"rendered":"<p><\/p>\n<div class=\"ten columns\">\n<p><span class=\"green\">Transformare \u0219i vindecare prin puterea respira\u021biei<\/span><\/p>\n<p>Lucrul cu respira\u0163ia destinat vindec\u0103rii, dezvoltat de c\u0103tre Claus Kostka \u00een 30 de ani de practic\u0103 ne\u00eencetat\u0103, este menit s\u0103 va aduc\u0103 fa\u0163\u0103 \u00een fa\u0163\u0103 cu evenimente din trecut ce v-au dezechilibrat via\u0163a \u015fi cu sistemele de credin\u0163e pe care le-a\u0163i creat \u00een urma acestor evenimente (credin\u0163e care v-au dezechilibrat via\u0163a \u015fi mai mult). Este o metod\u0103 de lucru individual care \u00ee\u015fi are r\u0103d\u0103cinile \u00een terapia primar\u0103, respira\u0163ie de rena\u015ftere, respira\u0163ie holotropic\u0103, self-parenting, medita\u0163ie \u015fi alte abord\u0103ri chinestezice.<br \/>\n\u00cen timpul c\u0103l\u0103toriei noastre prin via\u0163\u0103, uneori ne putem reg\u0103si bloca\u0163i. Nimic nu mai pare s\u0103 func\u0163ioneze pentru noi \u015fi \u00eencepem s\u0103 ne sim\u0163im de parc\u0103 am fi bloca\u0163i \u00eentr-un cerc vicios al vinov\u0103\u0163iei \u015fi al emo\u0163iilor reprimate. Rela\u0163iile cu persoanele iubite nu ne mai satisfac, avem probleme cu propriii copii, locurile de munc\u0103 nu ne mai \u00eemplinesc \u015fi \u00eencepem s\u0103 avem probleme de s\u0103n\u0103tate, cum ar fi migrene, dureri de spate, ulcer \u015fi altele asemenea. \u00cen aceast\u0103 etap\u0103 a vie\u0163ii \u00eencepem s\u0103 sim\u0163im c\u0103 soarele nu mai str\u0103luce\u015fte deasupra noastr\u0103.<br \/>\nAceste ateliere v\u0103 vor oferi o \u015fans\u0103 unic\u0103 de a explora ceva ce nu a mers bine \u00een trecut, \u00eens\u0103 acum av\u00e2nd capacit\u0103\u0163ile \u015fi puterea unui adult. Aceasta \u00eensemn\u00e2nd c\u0103 ve\u0163i experimenta ceea ce a creat dezechilibru \u00een trecut, a fost dureros, neprietenos sau inhibator, \u015fi cu sprijinul grijuliu al lui Claus ve\u0163i avea ocazia de a-i crea o nou\u0103 solu\u0163ie. \u00cen acest fel ve\u0163i avea ocazia de a corecta sau schimba \u015fi unele decizii nes\u0103n\u0103toase pe care le-a\u0163i luat \u015fi care v-au chinuit mult timp (lucruri de genul &#8222;nimeni nu m\u0103 iube\u015fte&#8221;, &#8222;nu merit&#8221;, &#8222;nu am dreptul s\u0103 m\u0103 aflu aici&#8221;, &#8222;nu am dreptul s\u0103 cer ceva&#8221; \u015fi a\u015fa mai departe). Astfel, dup\u0103 ce a\u0163i luat o nou\u0103 decizie (cum ar fi: &#8222;merit s\u0103 fiu iubit\/\u0103 a\u015fa cum sunt&#8221;), v\u0103 ve\u0163i \u00eentoarce la propriile vie\u0163i \u015fi ve\u0163i fi uimi\u0163i de ceea ce se va \u00eent\u00e2mpla!<br \/>\nConect\u00e2ndu-v\u0103 cu puterea vindec\u0103toare a lucrului cu respira\u0163ia, ve\u0163i \u00eencepe s\u0103 deschide\u0163i \u015fi canalul percep\u0163iei spirituale \u015fi ve\u0163i avea \u015fansa de a tr\u0103i experien\u0163e foarte ad\u00e2nci \u00een acest domeniu; de exemplu, pute\u0163i avea experien\u0163a de a va conecta cu \u00eengerul vostru p\u0103zitor sau pute\u0163i s\u0103 va sim\u0163i\u0163i at\u00e2t de conecta\u0163i cu cei din jurul vostru \u00eenc\u00e2t s\u0103 \u015fti\u0163i ce simte fiecare f\u0103r\u0103 a avea contact fizic sau vizual cu ei.<br \/>\nClaus obi\u015fnuie\u015fte s\u0103 spun\u0103 despre aceast\u0103 munc\u0103: &#8222;Pe l\u00e2ng\u0103 lucrul cu constela\u0163iile familiale, aceast\u0103 respira\u0163ie a sufletului este metoda cea mai u\u015foar\u0103 \u015fi mai puternic\u0103 de vindecare din c\u00e2te am explorat vreodat\u0103. Sunt foarte sigur c\u0103 v\u0103 va ajuta s\u0103 v\u0103 u\u015fura\u0163i via\u0163a foarte mult \u015fi s\u0103 o face\u0163i s\u0103 devin\u0103 mai \u00eemplinit\u0103 \u015fi str\u0103lucitoare. Dac\u0103 dori\u0163i s\u0103 mai face\u0163i \u00eenc\u0103 un pas c\u0103tre eliberarea \u015fi transformarea personal\u0103, ve\u0163i dori s\u0103 nu lipsi\u0163i de la acest atelier!&#8221;<br \/>\nLucrul cu respira\u0163ia este concentrat total asupra persoanei dumneavoastr\u0103 (ceea ce este destul de diferit fa\u0163\u0103 de constela\u0163ii, unde ne concentr\u0103m pe tot sistemul sau pe p\u0103r\u0163i din sistem). \u00cen cadrul atelierului de respira\u0163ie ve\u0163i avea ocazia s\u0103 lucra\u0163i tot timpul, cu propriile &#8222;lucruri&#8221; \u015fi cu propriile \u00eentreb\u0103ri. Dumneavoastr\u0103, individual, ve\u0163i fi cauza \u015fi punctul central al \u00eentregului proces, iar emo\u0163iile \u015fi sentimentele proprii vor fi \u00een prim planul experien\u0163ei dumneavoastr\u0103.<br \/>\n\u201cAtelierul de respira\u0163ie \u015fi terapie corporal\u0103 pe care \u00eel facilitez a fost dezvoltat pe parcursul a 30 de ani de studii \u015fi este bazat pe munca unor oameni ca: Art Janoy (terapie primar\u0103), H. y. d. Osten (psihoterapie corporal\u0103 integrativ\u0103), Werner Erhard (lucru contextual), J. Schiff (terapie cathexis), Lee Lozowick (ghid spiritual) \u015fi mul\u0163i al\u0163ii. Propriul meu progres ca p\u0103rinte, so\u0163, prieten \u015fi c\u0103ut\u0103tor al adev\u0103rului, a ad\u0103ugat nuan\u0163ele adecvate.<br \/>\nSunt onorat c\u0103 pot aduce acest tip de munc\u0103 \u00een Rom\u00e2nia. Scopul final al acesteia este de a crea o lume care func\u0163ioneaz\u0103 pentru to\u0163i, f\u0103r\u0103 ca cineva s\u0103 fie l\u0103sat pe dinafar\u0103, ceea ce pentru mine este adev\u0103rata esen\u0163\u0103 a iubirii.\u201d Claus Kostka<br \/>\nAtelierele de respira\u0163ie facilitate de c\u0103tre Claus Kostka \u00een Rom\u00e2nia sunt organizate \u00een dou\u0103 formate:<br \/>\nUn atelier mai lung, sub forma unui Reziden\u0163ial de Respira\u0163ia Sufletului, ce se \u0163ine \u00eentr-o zon\u0103 lini\u015ftit\u0103 \u015fi pitoreasc\u0103 a Rom\u00e2niei. Separa\u021bi de zgomotul \u015fi stresul vie\u0163ii de zi cu zi, timp de patru zile, participan\u0163ii vor lucra intensiv pentru a se vindeca \u015fi transforma prin exerci\u0163iile de respira\u0163ie, medita\u0163ie \u015fi alte procese de terapie corporal\u0103 integrativ\u0103. Pe parcursul celor 4 zile, participan\u0163ii vor atinge un grad de rela\u0163ionare cu ei \u00een\u015fi\u015fi foarte ad\u00e2nc, a\u015fa cum avem ocazia s\u0103 facem \u00een via\u0163\u0103.<br \/>\nUn seminar mai scurt, numit Weekend de Respira\u0163ie a Sufletului, organizat \u00een Bucure\u015fti, care \u0163ine dou\u0103 zile \u015fi o sear\u0103. Acest seminar se adreseaz\u0103 at\u00e2t celor care particip\u0103 pentru prima oar\u0103, c\u00e2t \u015fi celor care sunt familiariza\u0163i cu acest tip de terapie corporal\u0103 \u015fi doresc s\u0103-\u015fi re\u00eennoiasc\u0103 sau s\u0103-\u015fi continue dezvoltarea al\u0103turi de Claus Kostka. Pentru cei care particip\u0103 pentru prima oar\u0103 la un seminar al\u0103turi de Claus, acest weekend de respira\u0163ie le va oferi o introducere \u00een munca vindec\u0103toare cu respira\u0163ia \u015fi terapia corporal\u0103 integrativ\u0103, a\u015fa cum au fost dezvoltate de Claus Kostka. Participan\u0163ii vor avea \u015fansa s\u0103 vad\u0103 ce \u00eenseamn\u0103 acest tip de a lucra \u015fi felul \u00een care Claus faciliteaz\u0103 procesul.\n<\/p><\/div>\n<div class=\"six columns\">\n<img loading=\"lazy\" decoding=\"async\" src=\"http:\/\/planetcyborg.de\/blogs\/clauko\/files\/2014\/01\/baldEagle.png\" alt=\"\" width=\"460\" height=\"315\" class=\"alignright size-full wp-image-539\" srcset=\"https:\/\/clauskostka.de\/files\/2014\/01\/baldEagle.png 460w, https:\/\/clauskostka.de\/files\/2014\/01\/baldEagle-300x205.png 300w\" sizes=\"auto, (max-width: 460px) 100vw, 460px\" \/><\/p>\n<p><img loading=\"lazy\" decoding=\"async\" src=\"http:\/\/planetcyborg.de\/blogs\/clauko\/files\/2014\/01\/breathing3312.png\" alt=\"\" width=\"460\" height=\"555\" class=\"alignright size-full wp-image-540\" srcset=\"https:\/\/clauskostka.de\/files\/2014\/01\/breathing3312.png 460w, https:\/\/clauskostka.de\/files\/2014\/01\/breathing3312-249x300.png 249w\" sizes=\"auto, (max-width: 460px) 100vw, 460px\" \/><\/p>\n<p><img loading=\"lazy\" decoding=\"async\" src=\"http:\/\/planetcyborg.de\/blogs\/clauko\/files\/2014\/01\/eddfjjbe1.png\" alt=\"\" width=\"460\" height=\"531\" class=\"alignright size-full wp-image-541\" srcset=\"https:\/\/clauskostka.de\/files\/2014\/01\/eddfjjbe1.png 460w, https:\/\/clauskostka.de\/files\/2014\/01\/eddfjjbe1-260x300.png 260w\" sizes=\"auto, (max-width: 460px) 100vw, 460px\" \/><\/p>\n<p><img loading=\"lazy\" decoding=\"async\" src=\"http:\/\/planetcyborg.de\/blogs\/clauko\/files\/2014\/01\/karmaa1.png\" alt=\"\" width=\"460\" height=\"378\" class=\"alignright size-full wp-image-542\" srcset=\"https:\/\/clauskostka.de\/files\/2014\/01\/karmaa1.png 460w, https:\/\/clauskostka.de\/files\/2014\/01\/karmaa1-300x247.png 300w\" sizes=\"auto, (max-width: 460px) 100vw, 460px\" \/>\n<\/div>\n<p><\/p>","protected":false},"excerpt":{"rendered":"<p>Transformare \u0219i vindecare prin puterea respira\u021biei Lucrul cu respira\u0163ia destinat vindec\u0103rii, dezvoltat de c\u0103tre Claus Kostka \u00een 30 de ani de practic\u0103 ne\u00eencetat\u0103, este menit s\u0103 va aduc\u0103 fa\u0163\u0103 \u00een fa\u0163\u0103 cu evenimente din trecut ce v-au dezechilibrat via\u0163a \u015fi cu sistemele de credin\u0163e pe care le-a\u0163i creat \u00een urma acestor evenimente (credin\u0163e care v-au [&hellip;]<\/p>\n","protected":false},"author":48,"featured_media":0,"parent":18,"menu_order":2,"comment_status":"open","ping_status":"open","template":"","meta":{"footnotes":""},"class_list":["post-456","page","type-page","status-publish","hentry"],"_links":{"self":[{"href":"https:\/\/clauskostka.de\/ro\/wp-json\/wp\/v2\/pages\/456","targetHints":{"allow":["GET"]}}],"collection":[{"href":"https:\/\/clauskostka.de\/ro\/wp-json\/wp\/v2\/pages"}],"about":[{"href":"https:\/\/clauskostka.de\/ro\/wp-json\/wp\/v2\/types\/page"}],"author":[{"embeddable":true,"href":"https:\/\/clauskostka.de\/ro\/wp-json\/wp\/v2\/users\/48"}],"replies":[{"embeddable":true,"href":"https:\/\/clauskostka.de\/ro\/wp-json\/wp\/v2\/comments?post=456"}],"version-history":[{"count":9,"href":"https:\/\/clauskostka.de\/ro\/wp-json\/wp\/v2\/pages\/456\/revisions"}],"predecessor-version":[{"id":1600,"href":"https:\/\/clauskostka.de\/ro\/wp-json\/wp\/v2\/pages\/456\/revisions\/1600"}],"up":[{"embeddable":true,"href":"https:\/\/clauskostka.de\/ro\/wp-json\/wp\/v2\/pages\/18"}],"wp:attachment":[{"href":"https:\/\/clauskostka.de\/ro\/wp-json\/wp\/v2\/media?parent=456"}],"curies":[{"name":"wp","href":"https:\/\/api.w.org\/{rel}","templated":true}]}}